{"id":98580,"date":"2024-06-24T00:59:07","date_gmt":"2024-06-23T21:59:07","guid":{"rendered":"https:\/\/ilyasoglu.com\/product\/sterling-silver-bangle-14\/"},"modified":"2026-01-03T13:11:58","modified_gmt":"2026-01-03T10:11:58","slug":"gumus-bileklik-14","status":"publish","type":"product","link":"https:\/\/ilyasoglu.com\/tr\/product\/sterling-silver-bangle-14\/","title":{"rendered":"G\u00fcm\u00fc\u015f Bileklik"},"content":{"rendered":"<p>925 Sterling Silver String Bangle<br \/>Minimum Sipari\u015f: 3 adet\/renk<\/p>","protected":false},"excerpt":{"rendered":"<p>\u0130p Renkleri Mevcuttur:<br \/>\n    <img decoding=\"async\" src=\"https:\/\/ilyasoglu.com\/wp-content\/uploads\/2024\/07\/string_c_2.jpg\" alt=\"\u0130p Renkleri Mevcuttur\"\/><br \/>\n<\/a><\/p>","protected":false},"featured_media":89479,"template":"","meta":{"_seopress_robots_primary_cat":"","_seopress_titles_title":"","_seopress_titles_desc":"","_seopress_robots_index":"","_seopress_analysis_target_kw":"","_crdt_document":""},"product_brand":[],"product_cat":[2147],"product_tag":[],"class_list":{"0":"post-98580","1":"product","2":"type-product","3":"status-publish","4":"has-post-thumbnail","6":"product_cat-string-bangles","8":"first","9":"instock","10":"shipping-taxable","11":"purchasable","12":"product-type-simple"},"group_of_quantity":0,"min_quantity":3,"max_quantity":"","exclude_order_quantity_value_rules":"no","exclude_category_quantity_rules":"no","combine_variations":"no","jetpack-related-posts":[],"jetpack_sharing_enabled":true,"_links":{"self":[{"href":"https:\/\/ilyasoglu.com\/tr\/wp-json\/wp\/v2\/product\/98580","targetHints":{"allow":["GET"]}}],"collection":[{"href":"https:\/\/ilyasoglu.com\/tr\/wp-json\/wp\/v2\/product"}],"about":[{"href":"https:\/\/ilyasoglu.com\/tr\/wp-json\/wp\/v2\/types\/product"}],"wp:featuredmedia":[{"embeddable":true,"href":"https:\/\/ilyasoglu.com\/tr\/wp-json\/wp\/v2\/media\/89479"}],"wp:attachment":[{"href":"https:\/\/ilyasoglu.com\/tr\/wp-json\/wp\/v2\/media?parent=98580"}],"wp:term":[{"taxonomy":"product_brand","embeddable":true,"href":"https:\/\/ilyasoglu.com\/tr\/wp-json\/wp\/v2\/product_brand?post=98580"},{"taxonomy":"product_cat","embeddable":true,"href":"https:\/\/ilyasoglu.com\/tr\/wp-json\/wp\/v2\/product_cat?post=98580"},{"taxonomy":"product_tag","embeddable":true,"href":"https:\/\/ilyasoglu.com\/tr\/wp-json\/wp\/v2\/product_tag?post=98580"}],"curies":[{"name":"wp","href":"https:\/\/api.w.org\/{rel}","templated":true}]}}