{"id":98069,"date":"2024-06-23T23:52:56","date_gmt":"2024-06-23T21:52:56","guid":{"rendered":"https:\/\/ilyasoglu.com\/product\/sterling-silver-bracelet-157\/"},"modified":"2026-01-03T13:10:51","modified_gmt":"2026-01-03T10:10:51","slug":"sterling-silver-bracelet-157","status":"publish","type":"product","link":"https:\/\/ilyasoglu.com\/tr\/urun\/sterling-silver-bracelet-157\/","title":{"rendered":"G\u00fcm\u00fc\u015f Bileklik"},"content":{"rendered":"","protected":false},"excerpt":{"rendered":"<p>G\u00d6Z RENKLERI MEVCUT:<br \/><img decoding=\"async\" class=\"alignnone size-full wp-image-26860\" src=\"https:\/\/ilyasoglu.com\/wp-content\/uploads\/2024\/06\/3colors.jpg\"\/><\/p>","protected":false},"featured_media":88453,"template":"","meta":{"_seopress_robots_primary_cat":"","_seopress_titles_title":"","_seopress_titles_desc":"","_seopress_robots_index":"","_crdt_document":"","jetpack_post_was_ever_published":false},"product_brand":[],"product_cat":[2108],"product_tag":[],"class_list":{"0":"post-98069","1":"product","2":"type-product","3":"status-publish","4":"has-post-thumbnail","6":"product_cat-classic-evil-eye-bracelets","8":"first","9":"instock","10":"shipping-taxable","11":"purchasable","12":"product-type-simple"},"group_of_quantity":0,"min_quantity":3,"max_quantity":"","exclude_order_quantity_value_rules":"no","exclude_category_quantity_rules":"no","combine_variations":"no","jetpack-related-posts":[],"jetpack_sharing_enabled":true,"_links":{"self":[{"href":"https:\/\/ilyasoglu.com\/tr\/wp-json\/wp\/v2\/product\/98069","targetHints":{"allow":["GET"]}}],"collection":[{"href":"https:\/\/ilyasoglu.com\/tr\/wp-json\/wp\/v2\/product"}],"about":[{"href":"https:\/\/ilyasoglu.com\/tr\/wp-json\/wp\/v2\/types\/product"}],"wp:featuredmedia":[{"embeddable":true,"href":"https:\/\/ilyasoglu.com\/tr\/wp-json\/wp\/v2\/media\/88453"}],"wp:attachment":[{"href":"https:\/\/ilyasoglu.com\/tr\/wp-json\/wp\/v2\/media?parent=98069"}],"wp:term":[{"taxonomy":"product_brand","embeddable":true,"href":"https:\/\/ilyasoglu.com\/tr\/wp-json\/wp\/v2\/product_brand?post=98069"},{"taxonomy":"product_cat","embeddable":true,"href":"https:\/\/ilyasoglu.com\/tr\/wp-json\/wp\/v2\/product_cat?post=98069"},{"taxonomy":"product_tag","embeddable":true,"href":"https:\/\/ilyasoglu.com\/tr\/wp-json\/wp\/v2\/product_tag?post=98069"}],"curies":[{"name":"wp","href":"https:\/\/api.w.org\/{rel}","templated":true}]}}