{"id":98020,"date":"2024-06-24T00:52:22","date_gmt":"2024-06-23T21:52:22","guid":{"rendered":"https:\/\/ilyasoglu.com\/product\/sterling-silver-bracelet-108\/"},"modified":"2026-01-03T13:10:45","modified_gmt":"2026-01-03T10:10:45","slug":"sterling-silver-bracelet-108","status":"publish","type":"product","link":"https:\/\/ilyasoglu.com\/tr\/product\/sterling-silver-bracelet-108\/","title":{"rendered":"G\u00fcm\u00fc\u015f Bileklik"},"content":{"rendered":"<p>HandSet CZ eyes Bracelet<br \/>Rhodium or Gold Plating<br \/>Minimum Sipari\u015f: 3 adet\/stil<\/p>","protected":false},"excerpt":{"rendered":"<p>HandSet CZ eyes Bracelet<br \/>Rhodium or Gold Plating<\/p>","protected":false},"featured_media":88322,"template":"","meta":{"_seopress_robots_primary_cat":"","_seopress_titles_title":"","_seopress_titles_desc":"","_seopress_robots_index":"","_seopress_analysis_target_kw":"","_crdt_document":""},"product_brand":[],"product_cat":[2141,2171],"product_tag":[],"class_list":{"0":"post-98020","1":"product","2":"type-product","3":"status-publish","4":"has-post-thumbnail","6":"product_cat-bracelets-with-chain","7":"product_cat-jewish-bracelets","9":"first","10":"instock","11":"shipping-taxable","12":"purchasable","13":"product-type-simple"},"group_of_quantity":0,"min_quantity":3,"max_quantity":"","exclude_order_quantity_value_rules":"no","exclude_category_quantity_rules":"no","combine_variations":"no","jetpack-related-posts":[],"jetpack_sharing_enabled":true,"_links":{"self":[{"href":"https:\/\/ilyasoglu.com\/tr\/wp-json\/wp\/v2\/product\/98020","targetHints":{"allow":["GET"]}}],"collection":[{"href":"https:\/\/ilyasoglu.com\/tr\/wp-json\/wp\/v2\/product"}],"about":[{"href":"https:\/\/ilyasoglu.com\/tr\/wp-json\/wp\/v2\/types\/product"}],"wp:featuredmedia":[{"embeddable":true,"href":"https:\/\/ilyasoglu.com\/tr\/wp-json\/wp\/v2\/media\/88322"}],"wp:attachment":[{"href":"https:\/\/ilyasoglu.com\/tr\/wp-json\/wp\/v2\/media?parent=98020"}],"wp:term":[{"taxonomy":"product_brand","embeddable":true,"href":"https:\/\/ilyasoglu.com\/tr\/wp-json\/wp\/v2\/product_brand?post=98020"},{"taxonomy":"product_cat","embeddable":true,"href":"https:\/\/ilyasoglu.com\/tr\/wp-json\/wp\/v2\/product_cat?post=98020"},{"taxonomy":"product_tag","embeddable":true,"href":"https:\/\/ilyasoglu.com\/tr\/wp-json\/wp\/v2\/product_tag?post=98020"}],"curies":[{"name":"wp","href":"https:\/\/api.w.org\/{rel}","templated":true}]}}