{"id":98012,"date":"2024-06-24T00:52:11","date_gmt":"2024-06-23T21:52:11","guid":{"rendered":"https:\/\/ilyasoglu.com\/product\/sterling-silver-bracelet-100\/"},"modified":"2026-01-03T13:10:50","modified_gmt":"2026-01-03T10:10:50","slug":"sterling-silver-bracelet-100","status":"publish","type":"product","link":"https:\/\/ilyasoglu.com\/tr\/urun\/sterling-silver-bracelet-100\/","title":{"rendered":"G\u00fcm\u00fc\u015f Bileklik"},"content":{"rendered":"<p>HandSet CZ eyes Bracelet<br \/>Rhodium \/ Gold \/ Rose Gold Plating<br \/>Minimum Sipari\u015f: 3 adet\/stil<\/p>","protected":false},"excerpt":{"rendered":"<p>HandSet CZ eyes Bracelet<br \/>Rhodium \/ Gold \/ Rose Gold Plating<\/p>","protected":false},"featured_media":88396,"template":"","meta":{"_seopress_robots_primary_cat":"","_seopress_titles_title":"","_seopress_titles_desc":"","_seopress_robots_index":"","_crdt_document":""},"product_brand":[],"product_cat":[2141],"product_tag":[],"class_list":{"0":"post-98012","1":"product","2":"type-product","3":"status-publish","4":"has-post-thumbnail","6":"product_cat-bracelets-with-chain","8":"first","9":"instock","10":"shipping-taxable","11":"purchasable","12":"product-type-simple"},"group_of_quantity":0,"min_quantity":3,"max_quantity":"","exclude_order_quantity_value_rules":"no","exclude_category_quantity_rules":"no","combine_variations":"no","jetpack-related-posts":[],"jetpack_sharing_enabled":true,"_links":{"self":[{"href":"https:\/\/ilyasoglu.com\/tr\/wp-json\/wp\/v2\/product\/98012","targetHints":{"allow":["GET"]}}],"collection":[{"href":"https:\/\/ilyasoglu.com\/tr\/wp-json\/wp\/v2\/product"}],"about":[{"href":"https:\/\/ilyasoglu.com\/tr\/wp-json\/wp\/v2\/types\/product"}],"wp:featuredmedia":[{"embeddable":true,"href":"https:\/\/ilyasoglu.com\/tr\/wp-json\/wp\/v2\/media\/88396"}],"wp:attachment":[{"href":"https:\/\/ilyasoglu.com\/tr\/wp-json\/wp\/v2\/media?parent=98012"}],"wp:term":[{"taxonomy":"product_brand","embeddable":true,"href":"https:\/\/ilyasoglu.com\/tr\/wp-json\/wp\/v2\/product_brand?post=98012"},{"taxonomy":"product_cat","embeddable":true,"href":"https:\/\/ilyasoglu.com\/tr\/wp-json\/wp\/v2\/product_cat?post=98012"},{"taxonomy":"product_tag","embeddable":true,"href":"https:\/\/ilyasoglu.com\/tr\/wp-json\/wp\/v2\/product_tag?post=98012"}],"curies":[{"name":"wp","href":"https:\/\/api.w.org\/{rel}","templated":true}]}}