{"id":768,"date":"2024-06-17T14:16:08","date_gmt":"2024-06-17T11:16:08","guid":{"rendered":"https:\/\/ilyasoglu.com\/product\/clearance-item-3\/"},"modified":"2026-03-20T17:19:32","modified_gmt":"2026-03-20T14:19:32","slug":"clearance-item-3","status":"publish","type":"product","link":"https:\/\/ilyasoglu.com\/tr\/product\/clearance-item-3\/","title":{"rendered":"G\u00fcmr\u00fckleme \u00dcr\u00fcn\u00fc<br\/>Son 30 ps"},"content":{"rendered":"<p>Plastic Evil Eyes Bracelet\/color <\/p>","protected":false},"excerpt":{"rendered":"<p>Plastic Evil Eyes Bracelet\/color <\/p>","protected":false},"featured_media":91673,"template":"","meta":{"_seopress_robots_primary_cat":"","_seopress_titles_title":"","_seopress_titles_desc":"","_seopress_robots_index":"","_crdt_document":""},"product_brand":[],"product_cat":[2181,2013],"product_tag":[],"class_list":{"0":"post-768","1":"product","2":"type-product","3":"status-publish","4":"has-post-thumbnail","6":"product_cat-bracelets-clearance","7":"product_cat-elastic-bracelets","9":"first","10":"instock","11":"sale","12":"shipping-taxable","13":"purchasable","14":"product-type-simple"},"group_of_quantity":10,"min_quantity":10,"max_quantity":"","exclude_order_quantity_value_rules":"no","exclude_category_quantity_rules":"no","combine_variations":"no","jetpack-related-posts":[],"jetpack_sharing_enabled":true,"_links":{"self":[{"href":"https:\/\/ilyasoglu.com\/tr\/wp-json\/wp\/v2\/product\/768","targetHints":{"allow":["GET"]}}],"collection":[{"href":"https:\/\/ilyasoglu.com\/tr\/wp-json\/wp\/v2\/product"}],"about":[{"href":"https:\/\/ilyasoglu.com\/tr\/wp-json\/wp\/v2\/types\/product"}],"wp:featuredmedia":[{"embeddable":true,"href":"https:\/\/ilyasoglu.com\/tr\/wp-json\/wp\/v2\/media\/91673"}],"wp:attachment":[{"href":"https:\/\/ilyasoglu.com\/tr\/wp-json\/wp\/v2\/media?parent=768"}],"wp:term":[{"taxonomy":"product_brand","embeddable":true,"href":"https:\/\/ilyasoglu.com\/tr\/wp-json\/wp\/v2\/product_brand?post=768"},{"taxonomy":"product_cat","embeddable":true,"href":"https:\/\/ilyasoglu.com\/tr\/wp-json\/wp\/v2\/product_cat?post=768"},{"taxonomy":"product_tag","embeddable":true,"href":"https:\/\/ilyasoglu.com\/tr\/wp-json\/wp\/v2\/product_tag?post=768"}],"curies":[{"name":"wp","href":"https:\/\/api.w.org\/{rel}","templated":true}]}}