{"id":580,"date":"2024-06-17T13:52:50","date_gmt":"2024-06-17T10:52:50","guid":{"rendered":"https:\/\/ilyasoglu.com\/product\/8-cm\/"},"modified":"2026-03-20T17:19:10","modified_gmt":"2026-03-20T14:19:10","slug":"8-cm","status":"publish","type":"product","link":"https:\/\/ilyasoglu.com\/tr\/product\/8-cm\/","title":{"rendered":"Cam Nazarl\u0131k M\u0131knat\u0131sl\u0131 Terlik"},"content":{"rendered":"<p>Cam Nazarl\u0131k M\u0131knat\u0131sl\u0131 Terlik<\/p>","protected":false},"excerpt":{"rendered":"<p>Cam Nazarl\u0131k M\u0131knat\u0131sl\u0131 Terlik<br\/>8 cm<\/p>","protected":false},"featured_media":91586,"template":"","meta":{"_seopress_robots_primary_cat":"","_seopress_titles_title":"","_seopress_titles_desc":"","_seopress_robots_index":"","_crdt_document":""},"product_brand":[],"product_cat":[2009],"product_tag":[],"class_list":{"0":"post-580","1":"product","2":"type-product","3":"status-publish","4":"has-post-thumbnail","6":"product_cat-turkish-evil-eye-magnet","8":"first","9":"instock","10":"shipping-taxable","11":"purchasable","12":"product-type-simple"},"group_of_quantity":10,"min_quantity":10,"max_quantity":"","exclude_order_quantity_value_rules":"no","exclude_category_quantity_rules":"no","combine_variations":"no","jetpack-related-posts":[],"jetpack_sharing_enabled":true,"_links":{"self":[{"href":"https:\/\/ilyasoglu.com\/tr\/wp-json\/wp\/v2\/product\/580","targetHints":{"allow":["GET"]}}],"collection":[{"href":"https:\/\/ilyasoglu.com\/tr\/wp-json\/wp\/v2\/product"}],"about":[{"href":"https:\/\/ilyasoglu.com\/tr\/wp-json\/wp\/v2\/types\/product"}],"wp:featuredmedia":[{"embeddable":true,"href":"https:\/\/ilyasoglu.com\/tr\/wp-json\/wp\/v2\/media\/91586"}],"wp:attachment":[{"href":"https:\/\/ilyasoglu.com\/tr\/wp-json\/wp\/v2\/media?parent=580"}],"wp:term":[{"taxonomy":"product_brand","embeddable":true,"href":"https:\/\/ilyasoglu.com\/tr\/wp-json\/wp\/v2\/product_brand?post=580"},{"taxonomy":"product_cat","embeddable":true,"href":"https:\/\/ilyasoglu.com\/tr\/wp-json\/wp\/v2\/product_cat?post=580"},{"taxonomy":"product_tag","embeddable":true,"href":"https:\/\/ilyasoglu.com\/tr\/wp-json\/wp\/v2\/product_tag?post=580"}],"curies":[{"name":"wp","href":"https:\/\/api.w.org\/{rel}","templated":true}]}}