{"id":4449,"date":"2024-06-17T14:23:16","date_gmt":"2024-06-17T11:23:16","guid":{"rendered":"https:\/\/ilyasoglu.com\/product\/oil-lamps-6\/"},"modified":"2026-03-20T17:26:32","modified_gmt":"2026-03-20T14:26:32","slug":"oil-lamps-6","status":"publish","type":"product","link":"https:\/\/ilyasoglu.com\/tr\/product\/oil-lamps-6\/","title":{"rendered":"Ya\u011f Lambalar\u0131 <br> geni\u015flik:8 cm, y\u00fckseklik:33 cm"},"content":{"rendered":"<p>Ya\u011f Lambalar\u0131<\/p>","protected":false},"excerpt":{"rendered":"<p>Ya\u011f Lambalar\u0131 <br \/> geni\u015flik:8 cm, y\u00fckseklik:33 cm<\/p>","protected":false},"featured_media":94019,"template":"","meta":{"_seopress_robots_primary_cat":"","_seopress_titles_title":"","_seopress_titles_desc":"","_seopress_robots_index":"","_crdt_document":""},"product_brand":[],"product_cat":[2073],"product_tag":[],"class_list":{"0":"post-4449","1":"product","2":"type-product","3":"status-publish","4":"has-post-thumbnail","6":"product_cat-oil-lamps","8":"first","9":"instock","10":"shipping-taxable","11":"purchasable","12":"product-type-simple"},"group_of_quantity":0,"min_quantity":3,"max_quantity":"","exclude_order_quantity_value_rules":"no","exclude_category_quantity_rules":"no","combine_variations":"no","jetpack-related-posts":[],"jetpack_sharing_enabled":true,"_links":{"self":[{"href":"https:\/\/ilyasoglu.com\/tr\/wp-json\/wp\/v2\/product\/4449","targetHints":{"allow":["GET"]}}],"collection":[{"href":"https:\/\/ilyasoglu.com\/tr\/wp-json\/wp\/v2\/product"}],"about":[{"href":"https:\/\/ilyasoglu.com\/tr\/wp-json\/wp\/v2\/types\/product"}],"wp:featuredmedia":[{"embeddable":true,"href":"https:\/\/ilyasoglu.com\/tr\/wp-json\/wp\/v2\/media\/94019"}],"wp:attachment":[{"href":"https:\/\/ilyasoglu.com\/tr\/wp-json\/wp\/v2\/media?parent=4449"}],"wp:term":[{"taxonomy":"product_brand","embeddable":true,"href":"https:\/\/ilyasoglu.com\/tr\/wp-json\/wp\/v2\/product_brand?post=4449"},{"taxonomy":"product_cat","embeddable":true,"href":"https:\/\/ilyasoglu.com\/tr\/wp-json\/wp\/v2\/product_cat?post=4449"},{"taxonomy":"product_tag","embeddable":true,"href":"https:\/\/ilyasoglu.com\/tr\/wp-json\/wp\/v2\/product_tag?post=4449"}],"curies":[{"name":"wp","href":"https:\/\/api.w.org\/{rel}","templated":true}]}}