{"id":41697,"date":"2024-06-20T02:21:21","date_gmt":"2024-06-19T23:21:21","guid":{"rendered":"https:\/\/ilyasoglu.com\/product\/sterling-silver-necklace-368\/"},"modified":"2026-01-03T13:09:19","modified_gmt":"2026-01-03T10:09:19","slug":"sterling-silver-necklace-368","status":"publish","type":"product","link":"https:\/\/ilyasoglu.com\/tr\/urun\/sterling-silver-necklace-368\/","title":{"rendered":"G\u00fcm\u00fc\u015f Kolye"},"content":{"rendered":"","protected":false},"excerpt":{"rendered":"<p>HandSet CZ eyes Necklace<\/p>","protected":false},"featured_media":88230,"template":"","meta":{"_seopress_robots_primary_cat":"","_seopress_titles_title":"","_seopress_titles_desc":"","_seopress_robots_index":"","_crdt_document":"","jetpack_post_was_ever_published":false},"product_brand":[],"product_cat":[2127,2172],"product_tag":[],"class_list":{"0":"post-41697","1":"product","2":"type-product","3":"status-publish","4":"has-post-thumbnail","6":"product_cat-hamsa","7":"product_cat-jewish-necklaces","9":"first","10":"instock","11":"shipping-taxable","12":"purchasable","13":"product-type-simple"},"group_of_quantity":0,"min_quantity":3,"max_quantity":"","exclude_order_quantity_value_rules":"no","exclude_category_quantity_rules":"no","combine_variations":"no","jetpack-related-posts":[],"jetpack_sharing_enabled":true,"_links":{"self":[{"href":"https:\/\/ilyasoglu.com\/tr\/wp-json\/wp\/v2\/product\/41697","targetHints":{"allow":["GET"]}}],"collection":[{"href":"https:\/\/ilyasoglu.com\/tr\/wp-json\/wp\/v2\/product"}],"about":[{"href":"https:\/\/ilyasoglu.com\/tr\/wp-json\/wp\/v2\/types\/product"}],"wp:featuredmedia":[{"embeddable":true,"href":"https:\/\/ilyasoglu.com\/tr\/wp-json\/wp\/v2\/media\/88230"}],"wp:attachment":[{"href":"https:\/\/ilyasoglu.com\/tr\/wp-json\/wp\/v2\/media?parent=41697"}],"wp:term":[{"taxonomy":"product_brand","embeddable":true,"href":"https:\/\/ilyasoglu.com\/tr\/wp-json\/wp\/v2\/product_brand?post=41697"},{"taxonomy":"product_cat","embeddable":true,"href":"https:\/\/ilyasoglu.com\/tr\/wp-json\/wp\/v2\/product_cat?post=41697"},{"taxonomy":"product_tag","embeddable":true,"href":"https:\/\/ilyasoglu.com\/tr\/wp-json\/wp\/v2\/product_tag?post=41697"}],"curies":[{"name":"wp","href":"https:\/\/api.w.org\/{rel}","templated":true}]}}