{"id":40615,"date":"2024-06-20T02:16:57","date_gmt":"2024-06-19T23:16:57","guid":{"rendered":"https:\/\/ilyasoglu.com\/product\/kabbalah-with-hand-available-silver-and-silver-goldplated\/"},"modified":"2026-01-03T13:07:53","modified_gmt":"2026-01-03T10:07:53","slug":"kabbalah-with-hand-available-silver-and-silver-goldplated","status":"publish","type":"product","link":"https:\/\/ilyasoglu.com\/tr\/product\/kabbalah-with-hand-available-silver-and-silver-goldplated\/","title":{"rendered":"el ile kabala <br\/>mevcut: g\u00fcm\u00fc\u015f ve g\u00fcm\u00fc\u015f alt\u0131n kaplama<br\/>"},"content":{"rendered":"<p>el ile kabala <br \/>mevcut: g\u00fcm\u00fc\u015f ve g\u00fcm\u00fc\u015f alt\u0131n kaplama<\/p>","protected":false},"excerpt":{"rendered":"<p>el ile kabala<\/p>","protected":false},"featured_media":71871,"template":"","meta":{"_seopress_robots_primary_cat":"","_seopress_titles_title":"","_seopress_titles_desc":"","_seopress_robots_index":"","_crdt_document":""},"product_brand":[],"product_cat":[2124,2170],"product_tag":[],"class_list":{"0":"post-40615","1":"product","2":"type-product","3":"status-publish","4":"has-post-thumbnail","6":"product_cat-chain-bracelets-bracelets","7":"product_cat-kabbalah-red-string-bracelet","9":"first","10":"instock","11":"shipping-taxable","12":"purchasable","13":"product-type-simple"},"group_of_quantity":0,"min_quantity":3,"max_quantity":"","exclude_order_quantity_value_rules":"no","exclude_category_quantity_rules":"no","combine_variations":"no","jetpack-related-posts":[],"jetpack_sharing_enabled":true,"_links":{"self":[{"href":"https:\/\/ilyasoglu.com\/tr\/wp-json\/wp\/v2\/product\/40615","targetHints":{"allow":["GET"]}}],"collection":[{"href":"https:\/\/ilyasoglu.com\/tr\/wp-json\/wp\/v2\/product"}],"about":[{"href":"https:\/\/ilyasoglu.com\/tr\/wp-json\/wp\/v2\/types\/product"}],"wp:featuredmedia":[{"embeddable":true,"href":"https:\/\/ilyasoglu.com\/tr\/wp-json\/wp\/v2\/media\/71871"}],"wp:attachment":[{"href":"https:\/\/ilyasoglu.com\/tr\/wp-json\/wp\/v2\/media?parent=40615"}],"wp:term":[{"taxonomy":"product_brand","embeddable":true,"href":"https:\/\/ilyasoglu.com\/tr\/wp-json\/wp\/v2\/product_brand?post=40615"},{"taxonomy":"product_cat","embeddable":true,"href":"https:\/\/ilyasoglu.com\/tr\/wp-json\/wp\/v2\/product_cat?post=40615"},{"taxonomy":"product_tag","embeddable":true,"href":"https:\/\/ilyasoglu.com\/tr\/wp-json\/wp\/v2\/product_tag?post=40615"}],"curies":[{"name":"wp","href":"https:\/\/api.w.org\/{rel}","templated":true}]}}