{"id":35741,"date":"2024-06-20T01:21:42","date_gmt":"2024-06-19T22:21:42","guid":{"rendered":"https:\/\/ilyasoglu.com\/product\/140-gr\/"},"modified":"2026-01-03T13:07:49","modified_gmt":"2026-01-03T10:07:49","slug":"140-gr","status":"publish","type":"product","link":"https:\/\/ilyasoglu.com\/tr\/urun\/140-gr\/","title":{"rendered":"G\u00fcm\u00fc\u015f Nazar K\u00fcpesi"},"content":{"rendered":"","protected":false},"excerpt":{"rendered":"<p>1,40 gr <\/p>\n<p>G\u00d6Z RENKLERI MEVCUT:<br \/><img decoding=\"async\" class=\"alignnone size-full wp-image-26860\" src=\"https:\/\/ilyasoglu.com\/wp-content\/uploads\/2024\/06\/2colors.jpg\"\/><\/p>","protected":false},"featured_media":85632,"template":"","meta":{"_seopress_robots_primary_cat":"","_seopress_titles_title":"","_seopress_titles_desc":"","_seopress_robots_index":"","_crdt_document":""},"product_brand":[],"product_cat":[2095],"product_tag":[],"class_list":{"0":"post-35741","1":"product","2":"type-product","3":"status-publish","4":"has-post-thumbnail","6":"product_cat-evil-eye-earrings-silver-earrings","8":"first","9":"instock","10":"shipping-taxable","11":"purchasable","12":"product-type-simple"},"group_of_quantity":0,"min_quantity":3,"max_quantity":"","exclude_order_quantity_value_rules":"no","exclude_category_quantity_rules":"no","combine_variations":"no","jetpack-related-posts":[],"jetpack_sharing_enabled":true,"_links":{"self":[{"href":"https:\/\/ilyasoglu.com\/tr\/wp-json\/wp\/v2\/product\/35741","targetHints":{"allow":["GET"]}}],"collection":[{"href":"https:\/\/ilyasoglu.com\/tr\/wp-json\/wp\/v2\/product"}],"about":[{"href":"https:\/\/ilyasoglu.com\/tr\/wp-json\/wp\/v2\/types\/product"}],"wp:featuredmedia":[{"embeddable":true,"href":"https:\/\/ilyasoglu.com\/tr\/wp-json\/wp\/v2\/media\/85632"}],"wp:attachment":[{"href":"https:\/\/ilyasoglu.com\/tr\/wp-json\/wp\/v2\/media?parent=35741"}],"wp:term":[{"taxonomy":"product_brand","embeddable":true,"href":"https:\/\/ilyasoglu.com\/tr\/wp-json\/wp\/v2\/product_brand?post=35741"},{"taxonomy":"product_cat","embeddable":true,"href":"https:\/\/ilyasoglu.com\/tr\/wp-json\/wp\/v2\/product_cat?post=35741"},{"taxonomy":"product_tag","embeddable":true,"href":"https:\/\/ilyasoglu.com\/tr\/wp-json\/wp\/v2\/product_tag?post=35741"}],"curies":[{"name":"wp","href":"https:\/\/api.w.org\/{rel}","templated":true}]}}