{"id":35680,"date":"2024-06-20T00:21:15","date_gmt":"2024-06-19T22:21:15","guid":{"rendered":"https:\/\/ilyasoglu.com\/product\/classic-silver-evileye-bracelet-5mm-eye-14-eyes\/"},"modified":"2026-01-03T13:07:45","modified_gmt":"2026-01-03T10:07:45","slug":"classic-silver-evileye-bracelet-5mm-eye-14-eyes","status":"publish","type":"product","link":"https:\/\/ilyasoglu.com\/tr\/urun\/classic-silver-evileye-bracelet-5mm-eye-14-eyes\/","title":{"rendered":"Klasik G\u00fcm\u00fc\u015f Nazarl\u0131k Bileklik 5mm g\u00f6z (14 g\u00f6z)"},"content":{"rendered":"","protected":false},"excerpt":{"rendered":"<p>G\u00d6Z RENKLERI MEVCUT:<br \/><img decoding=\"async\" class=\"alignnone size-full wp-image-26860\" src=\"https:\/\/ilyasoglu.com\/wp-content\/uploads\/2024\/06\/colors_plain.jpg\"\/><\/p>","protected":false},"featured_media":71752,"template":"","meta":{"_seopress_robots_primary_cat":"","_seopress_titles_title":"","_seopress_titles_desc":"","_seopress_robots_index":"","_crdt_document":"","jetpack_post_was_ever_published":false},"product_brand":[],"product_cat":[2108],"product_tag":[],"class_list":{"0":"post-35680","1":"product","2":"type-product","3":"status-publish","4":"has-post-thumbnail","6":"product_cat-classic-evil-eye-bracelets","8":"first","9":"instock","10":"shipping-taxable","11":"purchasable","12":"product-type-simple"},"group_of_quantity":0,"min_quantity":3,"max_quantity":"","exclude_order_quantity_value_rules":"no","exclude_category_quantity_rules":"no","combine_variations":"no","jetpack-related-posts":[],"jetpack_sharing_enabled":true,"_links":{"self":[{"href":"https:\/\/ilyasoglu.com\/tr\/wp-json\/wp\/v2\/product\/35680","targetHints":{"allow":["GET"]}}],"collection":[{"href":"https:\/\/ilyasoglu.com\/tr\/wp-json\/wp\/v2\/product"}],"about":[{"href":"https:\/\/ilyasoglu.com\/tr\/wp-json\/wp\/v2\/types\/product"}],"wp:featuredmedia":[{"embeddable":true,"href":"https:\/\/ilyasoglu.com\/tr\/wp-json\/wp\/v2\/media\/71752"}],"wp:attachment":[{"href":"https:\/\/ilyasoglu.com\/tr\/wp-json\/wp\/v2\/media?parent=35680"}],"wp:term":[{"taxonomy":"product_brand","embeddable":true,"href":"https:\/\/ilyasoglu.com\/tr\/wp-json\/wp\/v2\/product_brand?post=35680"},{"taxonomy":"product_cat","embeddable":true,"href":"https:\/\/ilyasoglu.com\/tr\/wp-json\/wp\/v2\/product_cat?post=35680"},{"taxonomy":"product_tag","embeddable":true,"href":"https:\/\/ilyasoglu.com\/tr\/wp-json\/wp\/v2\/product_tag?post=35680"}],"curies":[{"name":"wp","href":"https:\/\/api.w.org\/{rel}","templated":true}]}}