{"id":3471,"date":"2024-06-17T13:21:11","date_gmt":"2024-06-17T11:21:11","guid":{"rendered":"https:\/\/ilyasoglu.com\/product\/turkish-fusion-art-wall-ornament-13\/"},"modified":"2026-03-20T17:24:48","modified_gmt":"2026-03-20T14:24:48","slug":"turkish-fusion-art-wall-ornament-13","status":"publish","type":"product","link":"https:\/\/ilyasoglu.com\/tr\/urun\/turkish-fusion-art-wall-ornament-13\/","title":{"rendered":"T\u00fcrk F\u00fczyon Sanat\u0131 Duvar S\u00fcs\u00fc"},"content":{"rendered":"<p>Cam Nazarl\u0131k Duvar S\u00fcs\u00fc<\/p>","protected":false},"excerpt":{"rendered":"<p>Cam Nazarl\u0131k Duvar S\u00fcs\u00fc<\/p>","protected":false},"featured_media":92413,"template":"","meta":{"_seopress_robots_primary_cat":"","_seopress_titles_title":"","_seopress_titles_desc":"","_seopress_robots_index":"","_crdt_document":"","jetpack_post_was_ever_published":false},"product_brand":[],"product_cat":[2617],"product_tag":[],"class_list":{"0":"post-3471","1":"product","2":"type-product","3":"status-publish","4":"has-post-thumbnail","6":"product_cat-wall-items-w-beads-wall-car-ornaments-wholesale-glass-turkish-export","8":"first","9":"instock","10":"shipping-taxable","11":"purchasable","12":"product-type-simple"},"group_of_quantity":0,"min_quantity":5,"max_quantity":"","exclude_order_quantity_value_rules":"no","exclude_category_quantity_rules":"no","combine_variations":"no","jetpack-related-posts":[],"jetpack_sharing_enabled":true,"_links":{"self":[{"href":"https:\/\/ilyasoglu.com\/tr\/wp-json\/wp\/v2\/product\/3471","targetHints":{"allow":["GET"]}}],"collection":[{"href":"https:\/\/ilyasoglu.com\/tr\/wp-json\/wp\/v2\/product"}],"about":[{"href":"https:\/\/ilyasoglu.com\/tr\/wp-json\/wp\/v2\/types\/product"}],"wp:featuredmedia":[{"embeddable":true,"href":"https:\/\/ilyasoglu.com\/tr\/wp-json\/wp\/v2\/media\/92413"}],"wp:attachment":[{"href":"https:\/\/ilyasoglu.com\/tr\/wp-json\/wp\/v2\/media?parent=3471"}],"wp:term":[{"taxonomy":"product_brand","embeddable":true,"href":"https:\/\/ilyasoglu.com\/tr\/wp-json\/wp\/v2\/product_brand?post=3471"},{"taxonomy":"product_cat","embeddable":true,"href":"https:\/\/ilyasoglu.com\/tr\/wp-json\/wp\/v2\/product_cat?post=3471"},{"taxonomy":"product_tag","embeddable":true,"href":"https:\/\/ilyasoglu.com\/tr\/wp-json\/wp\/v2\/product_tag?post=3471"}],"curies":[{"name":"wp","href":"https:\/\/api.w.org\/{rel}","templated":true}]}}