{"id":2998,"date":"2024-06-17T14:20:17","date_gmt":"2024-06-17T11:20:17","guid":{"rendered":"https:\/\/ilyasoglu.com\/product\/wall-ornament-with-plasticsmall-ones-and-glass-bead4212cm\/"},"modified":"2026-03-20T17:22:50","modified_gmt":"2026-03-20T14:22:50","slug":"wall-ornament-with-plasticsmall-ones-and-glass-bead4212cm","status":"publish","type":"product","link":"https:\/\/ilyasoglu.com\/tr\/product\/wall-ornament-with-plasticsmall-ones-and-glass-bead4212cm\/","title":{"rendered":"DUVAR S\u00dcS\u00dc<br\/> PLAST\u0130K (k\u00fc\u00e7\u00fck olanlar) VE CAM BONCUKLU"},"content":{"rendered":"<p>DUVAR S\u00dcS\u00dc<br \/> PLAST\u0130K (k\u00fc\u00e7\u00fck olanlar) VE CAM BONCUKLU<br\/>(42*12CM)<\/p>","protected":false},"excerpt":{"rendered":"<p>DUVAR S\u00dcS\u00dc<br \/> PLAST\u0130K (k\u00fc\u00e7\u00fck olanlar) VE CAM BONCUKLU<br\/>(42*12CM)<\/p>","protected":false},"featured_media":92354,"template":"","meta":{"_seopress_robots_primary_cat":"","_seopress_titles_title":"","_seopress_titles_desc":"","_seopress_robots_index":"","_crdt_document":""},"product_brand":[],"product_cat":[1991],"product_tag":[],"class_list":{"0":"post-2998","1":"product","2":"type-product","3":"status-publish","4":"has-post-thumbnail","6":"product_cat-macromes","8":"first","9":"instock","10":"shipping-taxable","11":"purchasable","12":"product-type-simple"},"group_of_quantity":3,"min_quantity":3,"max_quantity":"","exclude_order_quantity_value_rules":"no","exclude_category_quantity_rules":"no","combine_variations":"no","jetpack-related-posts":[],"jetpack_sharing_enabled":true,"_links":{"self":[{"href":"https:\/\/ilyasoglu.com\/tr\/wp-json\/wp\/v2\/product\/2998","targetHints":{"allow":["GET"]}}],"collection":[{"href":"https:\/\/ilyasoglu.com\/tr\/wp-json\/wp\/v2\/product"}],"about":[{"href":"https:\/\/ilyasoglu.com\/tr\/wp-json\/wp\/v2\/types\/product"}],"wp:featuredmedia":[{"embeddable":true,"href":"https:\/\/ilyasoglu.com\/tr\/wp-json\/wp\/v2\/media\/92354"}],"wp:attachment":[{"href":"https:\/\/ilyasoglu.com\/tr\/wp-json\/wp\/v2\/media?parent=2998"}],"wp:term":[{"taxonomy":"product_brand","embeddable":true,"href":"https:\/\/ilyasoglu.com\/tr\/wp-json\/wp\/v2\/product_brand?post=2998"},{"taxonomy":"product_cat","embeddable":true,"href":"https:\/\/ilyasoglu.com\/tr\/wp-json\/wp\/v2\/product_cat?post=2998"},{"taxonomy":"product_tag","embeddable":true,"href":"https:\/\/ilyasoglu.com\/tr\/wp-json\/wp\/v2\/product_tag?post=2998"}],"curies":[{"name":"wp","href":"https:\/\/api.w.org\/{rel}","templated":true}]}}