{"id":2943,"date":"2024-06-17T14:20:11","date_gmt":"2024-06-17T11:20:11","guid":{"rendered":"https:\/\/ilyasoglu.com\/product\/evil-eye-silver-trim-ornament-7x26cm\/"},"modified":"2026-03-20T17:22:43","modified_gmt":"2026-03-20T14:22:43","slug":"evil-eye-silver-trim-ornament-7x26cm","status":"publish","type":"product","link":"https:\/\/ilyasoglu.com\/tr\/product\/evil-eye-silver-trim-ornament-7x26cm\/","title":{"rendered":"Nazar Boncu\u011fu G\u00fcm\u00fc\u015f S\u00fcsleme S\u00fcs"},"content":{"rendered":"<p>Nazar Boncu\u011fu G\u00fcm\u00fc\u015f S\u00fcsleme S\u00fcs <br \/>7x26cm<\/p>","protected":false},"excerpt":{"rendered":"<p>Nazar Boncu\u011fu G\u00fcm\u00fc\u015f S\u00fcsleme S\u00fcs <br \/>7x26cm<\/p>","protected":false},"featured_media":92334,"template":"","meta":{"_seopress_robots_primary_cat":"","_seopress_titles_title":"","_seopress_titles_desc":"","_seopress_robots_index":"","_crdt_document":""},"product_brand":[],"product_cat":[1993],"product_tag":[],"class_list":{"0":"post-2943","1":"product","2":"type-product","3":"status-publish","4":"has-post-thumbnail","6":"product_cat-wall-accesories","8":"first","9":"instock","10":"shipping-taxable","11":"purchasable","12":"product-type-simple"},"group_of_quantity":5,"min_quantity":5,"max_quantity":"","exclude_order_quantity_value_rules":"no","exclude_category_quantity_rules":"no","combine_variations":"no","jetpack-related-posts":[],"jetpack_sharing_enabled":true,"_links":{"self":[{"href":"https:\/\/ilyasoglu.com\/tr\/wp-json\/wp\/v2\/product\/2943","targetHints":{"allow":["GET"]}}],"collection":[{"href":"https:\/\/ilyasoglu.com\/tr\/wp-json\/wp\/v2\/product"}],"about":[{"href":"https:\/\/ilyasoglu.com\/tr\/wp-json\/wp\/v2\/types\/product"}],"wp:featuredmedia":[{"embeddable":true,"href":"https:\/\/ilyasoglu.com\/tr\/wp-json\/wp\/v2\/media\/92334"}],"wp:attachment":[{"href":"https:\/\/ilyasoglu.com\/tr\/wp-json\/wp\/v2\/media?parent=2943"}],"wp:term":[{"taxonomy":"product_brand","embeddable":true,"href":"https:\/\/ilyasoglu.com\/tr\/wp-json\/wp\/v2\/product_brand?post=2943"},{"taxonomy":"product_cat","embeddable":true,"href":"https:\/\/ilyasoglu.com\/tr\/wp-json\/wp\/v2\/product_cat?post=2943"},{"taxonomy":"product_tag","embeddable":true,"href":"https:\/\/ilyasoglu.com\/tr\/wp-json\/wp\/v2\/product_tag?post=2943"}],"curies":[{"name":"wp","href":"https:\/\/api.w.org\/{rel}","templated":true}]}}