{"id":2774,"date":"2024-06-17T14:19:53","date_gmt":"2024-06-17T11:19:53","guid":{"rendered":"https:\/\/ilyasoglu.com\/product\/small-car-ornament-with-knitting3x12cm\/"},"modified":"2026-03-20T17:22:34","modified_gmt":"2026-03-20T14:22:34","slug":"small-car-ornament-with-knitting3x12cm","status":"publish","type":"product","link":"https:\/\/ilyasoglu.com\/tr\/product\/small-car-ornament-with-knitting3x12cm\/","title":{"rendered":"\u00d6rg\u00fc ile K\u00fc\u00e7\u00fck Araba S\u00fcs\u00fc"},"content":{"rendered":"<p>\u00d6rg\u00fc ile K\u00fc\u00e7\u00fck Araba S\u00fcs\u00fc<br \/>3x12cm<\/p>","protected":false},"excerpt":{"rendered":"<p>\u00d6rg\u00fc ile K\u00fc\u00e7\u00fck Araba S\u00fcs\u00fc<br \/>3x12cm<\/p>","protected":false},"featured_media":92303,"template":"","meta":{"_seopress_robots_primary_cat":"","_seopress_titles_title":"","_seopress_titles_desc":"","_seopress_robots_index":"","_crdt_document":""},"product_brand":[],"product_cat":[2004],"product_tag":[],"class_list":{"0":"post-2774","1":"product","2":"type-product","3":"status-publish","4":"has-post-thumbnail","6":"product_cat-car-accesories","8":"first","9":"instock","10":"shipping-taxable","11":"purchasable","12":"product-type-simple"},"group_of_quantity":10,"min_quantity":10,"max_quantity":"","exclude_order_quantity_value_rules":"no","exclude_category_quantity_rules":"no","combine_variations":"no","jetpack-related-posts":[],"jetpack_sharing_enabled":true,"_links":{"self":[{"href":"https:\/\/ilyasoglu.com\/tr\/wp-json\/wp\/v2\/product\/2774","targetHints":{"allow":["GET"]}}],"collection":[{"href":"https:\/\/ilyasoglu.com\/tr\/wp-json\/wp\/v2\/product"}],"about":[{"href":"https:\/\/ilyasoglu.com\/tr\/wp-json\/wp\/v2\/types\/product"}],"wp:featuredmedia":[{"embeddable":true,"href":"https:\/\/ilyasoglu.com\/tr\/wp-json\/wp\/v2\/media\/92303"}],"wp:attachment":[{"href":"https:\/\/ilyasoglu.com\/tr\/wp-json\/wp\/v2\/media?parent=2774"}],"wp:term":[{"taxonomy":"product_brand","embeddable":true,"href":"https:\/\/ilyasoglu.com\/tr\/wp-json\/wp\/v2\/product_brand?post=2774"},{"taxonomy":"product_cat","embeddable":true,"href":"https:\/\/ilyasoglu.com\/tr\/wp-json\/wp\/v2\/product_cat?post=2774"},{"taxonomy":"product_tag","embeddable":true,"href":"https:\/\/ilyasoglu.com\/tr\/wp-json\/wp\/v2\/product_tag?post=2774"}],"curies":[{"name":"wp","href":"https:\/\/api.w.org\/{rel}","templated":true}]}}