{"id":2726,"date":"2024-06-17T14:19:45","date_gmt":"2024-06-17T11:19:45","guid":{"rendered":"https:\/\/ilyasoglu.com\/product\/glass-evil-eye-ornament-with-hand-painting25x13cm\/"},"modified":"2026-03-20T17:22:25","modified_gmt":"2026-03-20T14:22:25","slug":"glass-evil-eye-ornament-with-hand-painting25x13cm","status":"publish","type":"product","link":"https:\/\/ilyasoglu.com\/tr\/urun\/glass-evil-eye-ornament-with-hand-painting25x13cm\/","title":{"rendered":"El Boyamas\u0131 Cam Nazarl\u0131k S\u00fcs"},"content":{"rendered":"<p>El Boyamas\u0131 Cam Nazarl\u0131k S\u00fcs<br \/>25x13cm<\/p>","protected":false},"excerpt":{"rendered":"<p>El Boyamas\u0131 Cam Nazarl\u0131k S\u00fcs<br \/>25x13cm<\/p>","protected":false},"featured_media":92258,"template":"","meta":{"_seopress_robots_primary_cat":"","_seopress_titles_title":"","_seopress_titles_desc":"","_seopress_robots_index":"","_crdt_document":""},"product_brand":[],"product_cat":[2037],"product_tag":[],"class_list":{"0":"post-2726","1":"product","2":"type-product","3":"status-publish","4":"has-post-thumbnail","6":"product_cat-glass-art-ornaments","8":"first","9":"instock","10":"shipping-taxable","11":"purchasable","12":"product-type-simple"},"group_of_quantity":5,"min_quantity":5,"max_quantity":"","exclude_order_quantity_value_rules":"no","exclude_category_quantity_rules":"no","combine_variations":"no","jetpack-related-posts":[],"jetpack_sharing_enabled":true,"_links":{"self":[{"href":"https:\/\/ilyasoglu.com\/tr\/wp-json\/wp\/v2\/product\/2726","targetHints":{"allow":["GET"]}}],"collection":[{"href":"https:\/\/ilyasoglu.com\/tr\/wp-json\/wp\/v2\/product"}],"about":[{"href":"https:\/\/ilyasoglu.com\/tr\/wp-json\/wp\/v2\/types\/product"}],"wp:featuredmedia":[{"embeddable":true,"href":"https:\/\/ilyasoglu.com\/tr\/wp-json\/wp\/v2\/media\/92258"}],"wp:attachment":[{"href":"https:\/\/ilyasoglu.com\/tr\/wp-json\/wp\/v2\/media?parent=2726"}],"wp:term":[{"taxonomy":"product_brand","embeddable":true,"href":"https:\/\/ilyasoglu.com\/tr\/wp-json\/wp\/v2\/product_brand?post=2726"},{"taxonomy":"product_cat","embeddable":true,"href":"https:\/\/ilyasoglu.com\/tr\/wp-json\/wp\/v2\/product_cat?post=2726"},{"taxonomy":"product_tag","embeddable":true,"href":"https:\/\/ilyasoglu.com\/tr\/wp-json\/wp\/v2\/product_tag?post=2726"}],"curies":[{"name":"wp","href":"https:\/\/api.w.org\/{rel}","templated":true}]}}