{"id":2714,"date":"2024-06-17T14:19:44","date_gmt":"2024-06-17T11:19:44","guid":{"rendered":"https:\/\/ilyasoglu.com\/product\/glass-evil-eyes-wall-ornament22x17cm-2\/"},"modified":"2026-03-20T17:22:23","modified_gmt":"2026-03-20T14:22:23","slug":"glass-evil-eyes-wall-ornament22x17cm-2","status":"publish","type":"product","link":"https:\/\/ilyasoglu.com\/tr\/product\/glass-evil-eyes-wall-ornament22x17cm-2\/","title":{"rendered":"Cam Nazar G\u00f6zl\u00fc Duvar S\u00fcs\u00fc"},"content":{"rendered":"<p>Cam Nazar G\u00f6zl\u00fc Duvar S\u00fcs\u00fc<br \/>22x17cm<\/p>","protected":false},"excerpt":{"rendered":"<p>Cam Nazar G\u00f6zl\u00fc Duvar S\u00fcs\u00fc<br \/>22x17cm<\/p>","protected":false},"featured_media":92252,"template":"","meta":{"_seopress_robots_primary_cat":"","_seopress_titles_title":"","_seopress_titles_desc":"","_seopress_robots_index":"","_crdt_document":""},"product_brand":[],"product_cat":[1992],"product_tag":[],"class_list":{"0":"post-2714","1":"product","2":"type-product","3":"status-publish","4":"has-post-thumbnail","6":"product_cat-metal-wall-ornaments","8":"first","9":"instock","10":"shipping-taxable","11":"purchasable","12":"product-type-simple"},"group_of_quantity":5,"min_quantity":5,"max_quantity":"","exclude_order_quantity_value_rules":"no","exclude_category_quantity_rules":"no","combine_variations":"no","jetpack-related-posts":[],"jetpack_sharing_enabled":true,"_links":{"self":[{"href":"https:\/\/ilyasoglu.com\/tr\/wp-json\/wp\/v2\/product\/2714","targetHints":{"allow":["GET"]}}],"collection":[{"href":"https:\/\/ilyasoglu.com\/tr\/wp-json\/wp\/v2\/product"}],"about":[{"href":"https:\/\/ilyasoglu.com\/tr\/wp-json\/wp\/v2\/types\/product"}],"wp:featuredmedia":[{"embeddable":true,"href":"https:\/\/ilyasoglu.com\/tr\/wp-json\/wp\/v2\/media\/92252"}],"wp:attachment":[{"href":"https:\/\/ilyasoglu.com\/tr\/wp-json\/wp\/v2\/media?parent=2714"}],"wp:term":[{"taxonomy":"product_brand","embeddable":true,"href":"https:\/\/ilyasoglu.com\/tr\/wp-json\/wp\/v2\/product_brand?post=2714"},{"taxonomy":"product_cat","embeddable":true,"href":"https:\/\/ilyasoglu.com\/tr\/wp-json\/wp\/v2\/product_cat?post=2714"},{"taxonomy":"product_tag","embeddable":true,"href":"https:\/\/ilyasoglu.com\/tr\/wp-json\/wp\/v2\/product_tag?post=2714"}],"curies":[{"name":"wp","href":"https:\/\/api.w.org\/{rel}","templated":true}]}}