{"id":22857,"date":"2024-06-18T23:40:52","date_gmt":"2024-06-18T21:40:52","guid":{"rendered":"https:\/\/ilyasoglu.com\/product\/ceramic-red-pomegranate-with-black-tulip-decorheight-5-cm-7-cm-9-cm\/"},"modified":"2026-03-20T17:26:33","modified_gmt":"2026-03-20T14:26:33","slug":"ceramic-red-pomegranate-with-black-tulip-decorheight-5-cm-7-cm-9-cm","status":"publish","type":"product","link":"https:\/\/ilyasoglu.com\/tr\/urun\/ceramic-red-pomegranate-with-black-tulip-decorheight-5-cm-7-cm-9-cm\/","title":{"rendered":"Ceramic Red Pomegranate <br\/>With black tulip decor<br\/>Height: 5 cm \/ 7 cm \/ 9 cm"},"content":{"rendered":"<p>Ceramic Red Pomegranate <br \/>With black tulip decor<br \/>Height: 5 cm \/ 7 cm \/ 9 cm<br \/>bu \u00fcr\u00fcn\u00fc si\u0307pari\u0307\u015f etmek i\u0307\u00e7i\u0307n bi\u0307zi\u0307mle i\u0307leti\u0307\u015fi\u0307me ge\u00e7i\u0307n<\/p>","protected":false},"excerpt":{"rendered":"<p>Ceramic Red Pomegranate <br \/>With black tulip decor<br \/>Height: 5 cm \/ 7 cm \/ 9 cm<\/p>","protected":false},"featured_media":92568,"template":"","meta":{"_seopress_robots_primary_cat":"","_seopress_titles_title":"","_seopress_titles_desc":"","_seopress_robots_index":"","_crdt_document":""},"product_brand":[],"product_cat":[2074],"product_tag":[],"class_list":{"0":"post-22857","1":"product","2":"type-product","3":"status-publish","4":"has-post-thumbnail","6":"product_cat-pomegranate","8":"first","9":"instock","10":"shipping-taxable","11":"purchasable","12":"product-type-simple"},"group_of_quantity":0,"min_quantity":10,"max_quantity":"","exclude_order_quantity_value_rules":"no","exclude_category_quantity_rules":"no","combine_variations":"no","jetpack-related-posts":[],"jetpack_sharing_enabled":true,"_links":{"self":[{"href":"https:\/\/ilyasoglu.com\/tr\/wp-json\/wp\/v2\/product\/22857","targetHints":{"allow":["GET"]}}],"collection":[{"href":"https:\/\/ilyasoglu.com\/tr\/wp-json\/wp\/v2\/product"}],"about":[{"href":"https:\/\/ilyasoglu.com\/tr\/wp-json\/wp\/v2\/types\/product"}],"wp:featuredmedia":[{"embeddable":true,"href":"https:\/\/ilyasoglu.com\/tr\/wp-json\/wp\/v2\/media\/92568"}],"wp:attachment":[{"href":"https:\/\/ilyasoglu.com\/tr\/wp-json\/wp\/v2\/media?parent=22857"}],"wp:term":[{"taxonomy":"product_brand","embeddable":true,"href":"https:\/\/ilyasoglu.com\/tr\/wp-json\/wp\/v2\/product_brand?post=22857"},{"taxonomy":"product_cat","embeddable":true,"href":"https:\/\/ilyasoglu.com\/tr\/wp-json\/wp\/v2\/product_cat?post=22857"},{"taxonomy":"product_tag","embeddable":true,"href":"https:\/\/ilyasoglu.com\/tr\/wp-json\/wp\/v2\/product_tag?post=22857"}],"curies":[{"name":"wp","href":"https:\/\/api.w.org\/{rel}","templated":true}]}}