{"id":22701,"date":"2024-06-19T00:40:15","date_gmt":"2024-06-18T21:40:15","guid":{"rendered":"https:\/\/ilyasoglu.com\/product\/fusion-art-plate-21\/"},"modified":"2026-03-20T17:25:20","modified_gmt":"2026-03-20T14:25:20","slug":"fusion-art-plate-21","status":"publish","type":"product","link":"https:\/\/ilyasoglu.com\/tr\/product\/fusion-art-plate-21\/","title":{"rendered":"F\u00fczyon Sanat Taba\u011f\u0131"},"content":{"rendered":"<p>Cam Nazarl\u0131k Taba\u011f\u0131<br \/>Mevcut Boyutlar<br \/>14cm - 18cm - 23cm<\/p>","protected":false},"excerpt":{"rendered":"<p>Cam Nazarl\u0131k Taba\u011f\u0131<br \/>Mevcut Boyutlar<br \/>14cm - 18cm - 23cm<\/p>","protected":false},"featured_media":172243,"template":"","meta":{"_seopress_robots_primary_cat":"","_seopress_titles_title":"","_seopress_titles_desc":"","_seopress_robots_index":"","_crdt_document":""},"product_brand":[],"product_cat":[2615],"product_tag":[],"class_list":{"0":"post-22701","1":"product","2":"type-product","3":"status-publish","4":"has-post-thumbnail","6":"product_cat-decorative-plates","8":"first","9":"instock","10":"shipping-taxable","11":"purchasable","12":"product-type-simple"},"group_of_quantity":0,"min_quantity":5,"max_quantity":"","exclude_order_quantity_value_rules":"no","exclude_category_quantity_rules":"no","combine_variations":"no","jetpack-related-posts":[],"jetpack_sharing_enabled":true,"_links":{"self":[{"href":"https:\/\/ilyasoglu.com\/tr\/wp-json\/wp\/v2\/product\/22701","targetHints":{"allow":["GET"]}}],"collection":[{"href":"https:\/\/ilyasoglu.com\/tr\/wp-json\/wp\/v2\/product"}],"about":[{"href":"https:\/\/ilyasoglu.com\/tr\/wp-json\/wp\/v2\/types\/product"}],"wp:featuredmedia":[{"embeddable":true,"href":"https:\/\/ilyasoglu.com\/tr\/wp-json\/wp\/v2\/media\/172243"}],"wp:attachment":[{"href":"https:\/\/ilyasoglu.com\/tr\/wp-json\/wp\/v2\/media?parent=22701"}],"wp:term":[{"taxonomy":"product_brand","embeddable":true,"href":"https:\/\/ilyasoglu.com\/tr\/wp-json\/wp\/v2\/product_brand?post=22701"},{"taxonomy":"product_cat","embeddable":true,"href":"https:\/\/ilyasoglu.com\/tr\/wp-json\/wp\/v2\/product_cat?post=22701"},{"taxonomy":"product_tag","embeddable":true,"href":"https:\/\/ilyasoglu.com\/tr\/wp-json\/wp\/v2\/product_tag?post=22701"}],"curies":[{"name":"wp","href":"https:\/\/api.w.org\/{rel}","templated":true}]}}