{"id":1943,"date":"2024-06-17T14:18:19","date_gmt":"2024-06-17T11:18:19","guid":{"rendered":"https:\/\/ilyasoglu.com\/product\/wood-magnets10x75cm\/"},"modified":"2026-03-20T17:21:13","modified_gmt":"2026-03-20T14:21:13","slug":"wood-magnets10x75cm","status":"publish","type":"product","link":"https:\/\/ilyasoglu.com\/tr\/product\/wood-magnets10x75cm\/","title":{"rendered":"Ah\u015fap M\u0131knat\u0131slar"},"content":{"rendered":"<p>Ah\u015fap M\u0131knat\u0131slar<br \/>10X7,5CM<\/p>","protected":false},"excerpt":{"rendered":"<p>Ah\u015fap M\u0131knat\u0131slar<br \/>10X7,5CM<\/p>","protected":false},"featured_media":92024,"template":"","meta":{"_seopress_robots_primary_cat":"","_seopress_titles_title":"","_seopress_titles_desc":"","_seopress_robots_index":"","_crdt_document":""},"product_brand":[],"product_cat":[2711,2041],"product_tag":[],"class_list":{"0":"post-1943","1":"product","2":"type-product","3":"status-publish","4":"has-post-thumbnail","6":"product_cat-magnets-clearance","7":"product_cat-wood-magnets","9":"first","10":"instock","11":"sale","12":"shipping-taxable","13":"purchasable","14":"product-type-simple"},"group_of_quantity":5,"min_quantity":5,"max_quantity":"","exclude_order_quantity_value_rules":"no","exclude_category_quantity_rules":"no","combine_variations":"no","jetpack-related-posts":[],"jetpack_sharing_enabled":true,"_links":{"self":[{"href":"https:\/\/ilyasoglu.com\/tr\/wp-json\/wp\/v2\/product\/1943","targetHints":{"allow":["GET"]}}],"collection":[{"href":"https:\/\/ilyasoglu.com\/tr\/wp-json\/wp\/v2\/product"}],"about":[{"href":"https:\/\/ilyasoglu.com\/tr\/wp-json\/wp\/v2\/types\/product"}],"wp:featuredmedia":[{"embeddable":true,"href":"https:\/\/ilyasoglu.com\/tr\/wp-json\/wp\/v2\/media\/92024"}],"wp:attachment":[{"href":"https:\/\/ilyasoglu.com\/tr\/wp-json\/wp\/v2\/media?parent=1943"}],"wp:term":[{"taxonomy":"product_brand","embeddable":true,"href":"https:\/\/ilyasoglu.com\/tr\/wp-json\/wp\/v2\/product_brand?post=1943"},{"taxonomy":"product_cat","embeddable":true,"href":"https:\/\/ilyasoglu.com\/tr\/wp-json\/wp\/v2\/product_cat?post=1943"},{"taxonomy":"product_tag","embeddable":true,"href":"https:\/\/ilyasoglu.com\/tr\/wp-json\/wp\/v2\/product_tag?post=1943"}],"curies":[{"name":"wp","href":"https:\/\/api.w.org\/{rel}","templated":true}]}}