{"id":174053,"date":"2024-11-28T17:52:13","date_gmt":"2024-11-28T14:52:13","guid":{"rendered":"https:\/\/ilyasoglu.com\/product\/metal-evil-eye-necklace-with-hanging-charms-gold-3\/"},"modified":"2026-04-30T08:54:23","modified_gmt":"2026-04-30T05:54:23","slug":"asma-tilsimli-metal-nazar-kolye-altin-3","status":"publish","type":"product","link":"https:\/\/ilyasoglu.com\/tr\/product\/metal-evil-eye-necklace-with-hanging-charms-gold-3\/","title":{"rendered":"Asma T\u0131lt\u0131l\u0131 Metal Nazarl\u0131k Kolye (Alt\u0131n)"},"content":{"rendered":"","protected":false},"excerpt":{"rendered":"<p>K\u00fcbik Zirkon Ta\u015fl\u0131 Nikel \u0130\u00e7ermeyen Metal Kolye<\/p>","protected":false},"featured_media":178557,"template":"","meta":{"_seopress_robots_primary_cat":"","_seopress_titles_title":"","_seopress_titles_desc":"","_seopress_robots_index":"","_crdt_document":""},"product_brand":[],"product_cat":[2057],"product_tag":[],"class_list":{"0":"post-174053","1":"product","2":"type-product","3":"status-publish","4":"has-post-thumbnail","6":"product_cat-cz-evileye-necklace","8":"first","9":"instock","10":"shipping-taxable","11":"purchasable","12":"product-type-simple"},"group_of_quantity":5,"min_quantity":10,"max_quantity":"","exclude_order_quantity_value_rules":"no","exclude_category_quantity_rules":"no","combine_variations":"no","jetpack-related-posts":[],"jetpack_sharing_enabled":true,"_links":{"self":[{"href":"https:\/\/ilyasoglu.com\/tr\/wp-json\/wp\/v2\/product\/174053","targetHints":{"allow":["GET"]}}],"collection":[{"href":"https:\/\/ilyasoglu.com\/tr\/wp-json\/wp\/v2\/product"}],"about":[{"href":"https:\/\/ilyasoglu.com\/tr\/wp-json\/wp\/v2\/types\/product"}],"wp:featuredmedia":[{"embeddable":true,"href":"https:\/\/ilyasoglu.com\/tr\/wp-json\/wp\/v2\/media\/178557"}],"wp:attachment":[{"href":"https:\/\/ilyasoglu.com\/tr\/wp-json\/wp\/v2\/media?parent=174053"}],"wp:term":[{"taxonomy":"product_brand","embeddable":true,"href":"https:\/\/ilyasoglu.com\/tr\/wp-json\/wp\/v2\/product_brand?post=174053"},{"taxonomy":"product_cat","embeddable":true,"href":"https:\/\/ilyasoglu.com\/tr\/wp-json\/wp\/v2\/product_cat?post=174053"},{"taxonomy":"product_tag","embeddable":true,"href":"https:\/\/ilyasoglu.com\/tr\/wp-json\/wp\/v2\/product_tag?post=174053"}],"curies":[{"name":"wp","href":"https:\/\/api.w.org\/{rel}","templated":true}]}}