{"id":174037,"date":"2024-11-28T17:51:46","date_gmt":"2024-11-28T14:51:46","guid":{"rendered":"https:\/\/ilyasoglu.com\/product\/fabric-evil-eye-bracelet-eye-shape\/"},"modified":"2026-04-30T00:52:10","modified_gmt":"2026-04-29T21:52:10","slug":"kumas-nazarlik-bileklik-goz-sekli","status":"publish","type":"product","link":"https:\/\/ilyasoglu.com\/tr\/product\/fabric-evil-eye-bracelet-eye-shape\/","title":{"rendered":"Kuma\u015f Nazarl\u0131k Bileklik (G\u00f6z \u015eekli)"},"content":{"rendered":"<p>Kuma\u015f Nazarl\u0131k Bileklik (G\u00f6z \u015eekli)<\/p>","protected":false},"excerpt":{"rendered":"<p>Kuma\u015f Nazarl\u0131k Bileklik (G\u00f6z \u015eekli)<\/p>","protected":false},"featured_media":178535,"template":"","meta":{"_seopress_robots_primary_cat":"","_seopress_titles_title":"","_seopress_titles_desc":"","_seopress_robots_index":"","_seopress_analysis_target_kw":"","_crdt_document":""},"product_brand":[],"product_cat":[2709],"product_tag":[],"class_list":{"0":"post-174037","1":"product","2":"type-product","3":"status-publish","4":"has-post-thumbnail","6":"product_cat-fabric-bracelets","8":"first","9":"instock","10":"shipping-taxable","11":"purchasable","12":"product-type-simple"},"group_of_quantity":10,"min_quantity":10,"max_quantity":"","exclude_order_quantity_value_rules":"no","exclude_category_quantity_rules":"no","combine_variations":"no","jetpack-related-posts":[],"jetpack_sharing_enabled":true,"_links":{"self":[{"href":"https:\/\/ilyasoglu.com\/tr\/wp-json\/wp\/v2\/product\/174037","targetHints":{"allow":["GET"]}}],"collection":[{"href":"https:\/\/ilyasoglu.com\/tr\/wp-json\/wp\/v2\/product"}],"about":[{"href":"https:\/\/ilyasoglu.com\/tr\/wp-json\/wp\/v2\/types\/product"}],"wp:featuredmedia":[{"embeddable":true,"href":"https:\/\/ilyasoglu.com\/tr\/wp-json\/wp\/v2\/media\/178535"}],"wp:attachment":[{"href":"https:\/\/ilyasoglu.com\/tr\/wp-json\/wp\/v2\/media?parent=174037"}],"wp:term":[{"taxonomy":"product_brand","embeddable":true,"href":"https:\/\/ilyasoglu.com\/tr\/wp-json\/wp\/v2\/product_brand?post=174037"},{"taxonomy":"product_cat","embeddable":true,"href":"https:\/\/ilyasoglu.com\/tr\/wp-json\/wp\/v2\/product_cat?post=174037"},{"taxonomy":"product_tag","embeddable":true,"href":"https:\/\/ilyasoglu.com\/tr\/wp-json\/wp\/v2\/product_tag?post=174037"}],"curies":[{"name":"wp","href":"https:\/\/api.w.org\/{rel}","templated":true}]}}