{"id":173997,"date":"2024-11-28T17:50:46","date_gmt":"2024-11-28T14:50:46","guid":{"rendered":"https:\/\/ilyasoglu.com\/product\/hamsa-shape-evil-eye-wall-ornament-large\/"},"modified":"2026-03-20T17:23:05","modified_gmt":"2026-03-20T14:23:05","slug":"hamsa-sekli-nazarlik-duvar-susu-buyuk","status":"publish","type":"product","link":"https:\/\/ilyasoglu.com\/tr\/product\/hamsa-shape-evil-eye-wall-ornament-large\/","title":{"rendered":"Hamsa \u015eeklinde Nazarl\u0131k Duvar S\u00fcs\u00fc (B\u00fcy\u00fck)"},"content":{"rendered":"","protected":false},"excerpt":{"rendered":"<p>\u00c7e\u015fitli Tasar\u0131mlar<\/p>","protected":false},"featured_media":173849,"template":"","meta":{"_seopress_robots_primary_cat":"","_seopress_titles_title":"","_seopress_titles_desc":"","_seopress_robots_index":"","_crdt_document":""},"product_brand":[],"product_cat":[1993],"product_tag":[],"class_list":{"0":"post-173997","1":"product","2":"type-product","3":"status-publish","4":"has-post-thumbnail","6":"product_cat-wall-accesories","8":"first","9":"instock","10":"shipping-taxable","11":"purchasable","12":"product-type-simple"},"group_of_quantity":0,"min_quantity":3,"max_quantity":"","exclude_order_quantity_value_rules":"no","exclude_category_quantity_rules":"no","combine_variations":"no","jetpack-related-posts":[],"jetpack_sharing_enabled":true,"_links":{"self":[{"href":"https:\/\/ilyasoglu.com\/tr\/wp-json\/wp\/v2\/product\/173997","targetHints":{"allow":["GET"]}}],"collection":[{"href":"https:\/\/ilyasoglu.com\/tr\/wp-json\/wp\/v2\/product"}],"about":[{"href":"https:\/\/ilyasoglu.com\/tr\/wp-json\/wp\/v2\/types\/product"}],"wp:featuredmedia":[{"embeddable":true,"href":"https:\/\/ilyasoglu.com\/tr\/wp-json\/wp\/v2\/media\/173849"}],"wp:attachment":[{"href":"https:\/\/ilyasoglu.com\/tr\/wp-json\/wp\/v2\/media?parent=173997"}],"wp:term":[{"taxonomy":"product_brand","embeddable":true,"href":"https:\/\/ilyasoglu.com\/tr\/wp-json\/wp\/v2\/product_brand?post=173997"},{"taxonomy":"product_cat","embeddable":true,"href":"https:\/\/ilyasoglu.com\/tr\/wp-json\/wp\/v2\/product_cat?post=173997"},{"taxonomy":"product_tag","embeddable":true,"href":"https:\/\/ilyasoglu.com\/tr\/wp-json\/wp\/v2\/product_tag?post=173997"}],"curies":[{"name":"wp","href":"https:\/\/api.w.org\/{rel}","templated":true}]}}