{"id":1638,"date":"2024-06-17T14:17:46","date_gmt":"2024-06-17T11:17:46","guid":{"rendered":"https:\/\/ilyasoglu.com\/product\/evil-eye-25-cm\/"},"modified":"2026-03-20T17:20:38","modified_gmt":"2026-03-20T14:20:38","slug":"evil-eye-25-cm","status":"publish","type":"product","link":"https:\/\/ilyasoglu.com\/tr\/urun\/nazar-boncugu-25-cm\/","title":{"rendered":"\u015eeytani G\u00f6z"},"content":{"rendered":"<p>Nazar G\u00f6z\u00fc 25 cm<\/p>","protected":false},"excerpt":{"rendered":"<p>Nazar G\u00f6z\u00fc 25 cm<\/p>","protected":false},"featured_media":91943,"template":"","meta":{"_seopress_robots_primary_cat":"","_seopress_titles_title":"","_seopress_titles_desc":"","_seopress_robots_index":"","_crdt_document":"","jetpack_post_was_ever_published":false},"product_brand":[],"product_cat":[2007],"product_tag":[],"class_list":{"0":"post-1638","1":"product","2":"type-product","3":"status-publish","4":"has-post-thumbnail","6":"product_cat-traditional-eyes","8":"first","9":"instock","10":"shipping-taxable","11":"purchasable","12":"product-type-simple"},"group_of_quantity":3,"min_quantity":3,"max_quantity":"","exclude_order_quantity_value_rules":"no","exclude_category_quantity_rules":"no","combine_variations":"no","jetpack-related-posts":[],"jetpack_sharing_enabled":true,"_links":{"self":[{"href":"https:\/\/ilyasoglu.com\/tr\/wp-json\/wp\/v2\/product\/1638","targetHints":{"allow":["GET"]}}],"collection":[{"href":"https:\/\/ilyasoglu.com\/tr\/wp-json\/wp\/v2\/product"}],"about":[{"href":"https:\/\/ilyasoglu.com\/tr\/wp-json\/wp\/v2\/types\/product"}],"wp:featuredmedia":[{"embeddable":true,"href":"https:\/\/ilyasoglu.com\/tr\/wp-json\/wp\/v2\/media\/91943"}],"wp:attachment":[{"href":"https:\/\/ilyasoglu.com\/tr\/wp-json\/wp\/v2\/media?parent=1638"}],"wp:term":[{"taxonomy":"product_brand","embeddable":true,"href":"https:\/\/ilyasoglu.com\/tr\/wp-json\/wp\/v2\/product_brand?post=1638"},{"taxonomy":"product_cat","embeddable":true,"href":"https:\/\/ilyasoglu.com\/tr\/wp-json\/wp\/v2\/product_cat?post=1638"},{"taxonomy":"product_tag","embeddable":true,"href":"https:\/\/ilyasoglu.com\/tr\/wp-json\/wp\/v2\/product_tag?post=1638"}],"curies":[{"name":"wp","href":"https:\/\/api.w.org\/{rel}","templated":true}]}}