{"id":1475,"date":"2024-06-17T14:17:29","date_gmt":"2024-06-17T11:17:29","guid":{"rendered":"https:\/\/ilyasoglu.com\/product\/copper-plate-wall-ornament-25-cm\/"},"modified":"2026-03-20T17:20:30","modified_gmt":"2026-03-20T14:20:30","slug":"copper-plate-wall-ornament-25-cm","status":"publish","type":"product","link":"https:\/\/ilyasoglu.com\/tr\/urun\/copper-plate-wall-ornament-25-cm\/","title":{"rendered":"Bak\u0131r Tabak Duvar S\u00fcs\u00fc"},"content":{"rendered":"<p>Bak\u0131r Tabak Duvar S\u00fcs\u00fc<\/p>","protected":false},"excerpt":{"rendered":"<p>Bak\u0131r Tabak Duvar S\u00fcs\u00fc<\/p>","protected":false},"featured_media":91905,"template":"","meta":{"_seopress_robots_primary_cat":"","_seopress_titles_title":"","_seopress_titles_desc":"","_seopress_robots_index":"","_crdt_document":"","jetpack_post_was_ever_published":false},"product_brand":[],"product_cat":[2024],"product_tag":[],"class_list":{"0":"post-1475","1":"product","2":"type-product","3":"status-publish","4":"has-post-thumbnail","6":"product_cat-copper-wall-ornaments","8":"first","9":"instock","10":"shipping-taxable","11":"purchasable","12":"product-type-simple"},"group_of_quantity":3,"min_quantity":3,"max_quantity":"","exclude_order_quantity_value_rules":"no","exclude_category_quantity_rules":"no","combine_variations":"no","jetpack-related-posts":[],"jetpack_sharing_enabled":true,"_links":{"self":[{"href":"https:\/\/ilyasoglu.com\/tr\/wp-json\/wp\/v2\/product\/1475","targetHints":{"allow":["GET"]}}],"collection":[{"href":"https:\/\/ilyasoglu.com\/tr\/wp-json\/wp\/v2\/product"}],"about":[{"href":"https:\/\/ilyasoglu.com\/tr\/wp-json\/wp\/v2\/types\/product"}],"wp:featuredmedia":[{"embeddable":true,"href":"https:\/\/ilyasoglu.com\/tr\/wp-json\/wp\/v2\/media\/91905"}],"wp:attachment":[{"href":"https:\/\/ilyasoglu.com\/tr\/wp-json\/wp\/v2\/media?parent=1475"}],"wp:term":[{"taxonomy":"product_brand","embeddable":true,"href":"https:\/\/ilyasoglu.com\/tr\/wp-json\/wp\/v2\/product_brand?post=1475"},{"taxonomy":"product_cat","embeddable":true,"href":"https:\/\/ilyasoglu.com\/tr\/wp-json\/wp\/v2\/product_cat?post=1475"},{"taxonomy":"product_tag","embeddable":true,"href":"https:\/\/ilyasoglu.com\/tr\/wp-json\/wp\/v2\/product_tag?post=1475"}],"curies":[{"name":"wp","href":"https:\/\/api.w.org\/{rel}","templated":true}]}}