{"id":1438,"date":"2024-06-17T13:17:26","date_gmt":"2024-06-17T11:17:26","guid":{"rendered":"https:\/\/ilyasoglu.com\/product\/woven-bag-for-mobile-phones-new\/"},"modified":"2026-03-20T17:20:29","modified_gmt":"2026-03-20T14:20:29","slug":"cep-telefonlari-icin-dokuma-canta-yeni","status":"publish","type":"product","link":"https:\/\/ilyasoglu.com\/tr\/product\/woven-bag-for-mobile-phones-new\/","title":{"rendered":"Woven Bag for Mobile Phones \u2013 NEW"},"content":{"rendered":"<p>Cep Telefonlar\u0131 i\u00e7in Dokuma \u00c7anta - YEN\u0130 (17x11cm)<\/p>","protected":false},"excerpt":{"rendered":"<p>Cep Telefonlar\u0131 i\u00e7in Dokuma \u00c7anta - YEN\u0130 (17x11cm)<\/p>","protected":false},"featured_media":91838,"template":"","meta":{"_seopress_robots_primary_cat":"","_seopress_titles_title":"","_seopress_titles_desc":"","_seopress_robots_index":"","_seopress_analysis_target_kw":"","_crdt_document":""},"product_brand":[],"product_cat":[2021],"product_tag":[],"class_list":{"0":"post-1438","1":"product","2":"type-product","3":"status-publish","4":"has-post-thumbnail","6":"product_cat-woven-bags","8":"first","9":"instock","10":"shipping-taxable","11":"purchasable","12":"product-type-simple"},"group_of_quantity":10,"min_quantity":10,"max_quantity":"","exclude_order_quantity_value_rules":"no","exclude_category_quantity_rules":"no","combine_variations":"no","jetpack-related-posts":[],"jetpack_sharing_enabled":true,"_links":{"self":[{"href":"https:\/\/ilyasoglu.com\/tr\/wp-json\/wp\/v2\/product\/1438","targetHints":{"allow":["GET"]}}],"collection":[{"href":"https:\/\/ilyasoglu.com\/tr\/wp-json\/wp\/v2\/product"}],"about":[{"href":"https:\/\/ilyasoglu.com\/tr\/wp-json\/wp\/v2\/types\/product"}],"wp:featuredmedia":[{"embeddable":true,"href":"https:\/\/ilyasoglu.com\/tr\/wp-json\/wp\/v2\/media\/91838"}],"wp:attachment":[{"href":"https:\/\/ilyasoglu.com\/tr\/wp-json\/wp\/v2\/media?parent=1438"}],"wp:term":[{"taxonomy":"product_brand","embeddable":true,"href":"https:\/\/ilyasoglu.com\/tr\/wp-json\/wp\/v2\/product_brand?post=1438"},{"taxonomy":"product_cat","embeddable":true,"href":"https:\/\/ilyasoglu.com\/tr\/wp-json\/wp\/v2\/product_cat?post=1438"},{"taxonomy":"product_tag","embeddable":true,"href":"https:\/\/ilyasoglu.com\/tr\/wp-json\/wp\/v2\/product_tag?post=1438"}],"curies":[{"name":"wp","href":"https:\/\/api.w.org\/{rel}","templated":true}]}}