{"id":1090,"date":"2024-06-17T14:16:45","date_gmt":"2024-06-17T11:16:45","guid":{"rendered":"https:\/\/ilyasoglu.com\/product\/6-x-26-cm\/"},"modified":"2026-03-20T17:20:02","modified_gmt":"2026-03-20T14:20:02","slug":"6-x-26-cm","status":"publish","type":"product","link":"https:\/\/ilyasoglu.com\/tr\/product\/6-x-26-cm\/","title":{"rendered":"CAM NAZARLIK DUVAR S\u00dcS\u00dc"},"content":{"rendered":"<p>CAM NAZARLIK DUVAR S\u00dcS\u00dc<\/p>","protected":false},"excerpt":{"rendered":"<p>CAM NAZARLIK DUVAR S\u00dcS\u00dc<br\/>6 X 26 CM<\/p>","protected":false},"featured_media":91796,"template":"","meta":{"_seopress_robots_primary_cat":"","_seopress_titles_title":"","_seopress_titles_desc":"","_seopress_robots_index":"","_crdt_document":""},"product_brand":[],"product_cat":[1992,2183],"product_tag":[],"class_list":{"0":"post-1090","1":"product","2":"type-product","3":"status-publish","4":"has-post-thumbnail","6":"product_cat-metal-wall-ornaments","7":"product_cat-wall-ornaments","9":"first","10":"instock","11":"sale","12":"shipping-taxable","13":"purchasable","14":"product-type-simple"},"group_of_quantity":5,"min_quantity":5,"max_quantity":"","exclude_order_quantity_value_rules":"no","exclude_category_quantity_rules":"no","combine_variations":"no","jetpack-related-posts":[],"jetpack_sharing_enabled":true,"_links":{"self":[{"href":"https:\/\/ilyasoglu.com\/tr\/wp-json\/wp\/v2\/product\/1090","targetHints":{"allow":["GET"]}}],"collection":[{"href":"https:\/\/ilyasoglu.com\/tr\/wp-json\/wp\/v2\/product"}],"about":[{"href":"https:\/\/ilyasoglu.com\/tr\/wp-json\/wp\/v2\/types\/product"}],"wp:featuredmedia":[{"embeddable":true,"href":"https:\/\/ilyasoglu.com\/tr\/wp-json\/wp\/v2\/media\/91796"}],"wp:attachment":[{"href":"https:\/\/ilyasoglu.com\/tr\/wp-json\/wp\/v2\/media?parent=1090"}],"wp:term":[{"taxonomy":"product_brand","embeddable":true,"href":"https:\/\/ilyasoglu.com\/tr\/wp-json\/wp\/v2\/product_brand?post=1090"},{"taxonomy":"product_cat","embeddable":true,"href":"https:\/\/ilyasoglu.com\/tr\/wp-json\/wp\/v2\/product_cat?post=1090"},{"taxonomy":"product_tag","embeddable":true,"href":"https:\/\/ilyasoglu.com\/tr\/wp-json\/wp\/v2\/product_tag?post=1090"}],"curies":[{"name":"wp","href":"https:\/\/api.w.org\/{rel}","templated":true}]}}