{"id":1052,"date":"2024-06-17T14:16:40","date_gmt":"2024-06-17T11:16:40","guid":{"rendered":"https:\/\/ilyasoglu.com\/product\/17-x-27-cm-2\/"},"modified":"2026-03-20T17:20:01","modified_gmt":"2026-03-20T14:20:01","slug":"17-x-27-cm-2","status":"publish","type":"product","link":"https:\/\/ilyasoglu.com\/tr\/product\/17-x-27-cm-2\/","title":{"rendered":"CAM NAZARLIK DUVAR S\u00dcS\u00dc"},"content":{"rendered":"<p>CAM NAZARLIK DUVAR S\u00dcS\u00dc<\/p>","protected":false},"excerpt":{"rendered":"<p>CAM NAZARLIK DUVAR S\u00dcS\u00dc<br\/>17 X 27 CM<\/p>","protected":false},"featured_media":91784,"template":"","meta":{"_seopress_robots_primary_cat":"","_seopress_titles_title":"","_seopress_titles_desc":"","_seopress_robots_index":"","_crdt_document":""},"product_brand":[],"product_cat":[1992],"product_tag":[],"class_list":{"0":"post-1052","1":"product","2":"type-product","3":"status-publish","4":"has-post-thumbnail","6":"product_cat-metal-wall-ornaments","8":"first","9":"instock","10":"shipping-taxable","11":"purchasable","12":"product-type-simple"},"group_of_quantity":5,"min_quantity":5,"max_quantity":"","exclude_order_quantity_value_rules":"no","exclude_category_quantity_rules":"no","combine_variations":"no","jetpack-related-posts":[],"jetpack_sharing_enabled":true,"_links":{"self":[{"href":"https:\/\/ilyasoglu.com\/tr\/wp-json\/wp\/v2\/product\/1052","targetHints":{"allow":["GET"]}}],"collection":[{"href":"https:\/\/ilyasoglu.com\/tr\/wp-json\/wp\/v2\/product"}],"about":[{"href":"https:\/\/ilyasoglu.com\/tr\/wp-json\/wp\/v2\/types\/product"}],"wp:featuredmedia":[{"embeddable":true,"href":"https:\/\/ilyasoglu.com\/tr\/wp-json\/wp\/v2\/media\/91784"}],"wp:attachment":[{"href":"https:\/\/ilyasoglu.com\/tr\/wp-json\/wp\/v2\/media?parent=1052"}],"wp:term":[{"taxonomy":"product_brand","embeddable":true,"href":"https:\/\/ilyasoglu.com\/tr\/wp-json\/wp\/v2\/product_brand?post=1052"},{"taxonomy":"product_cat","embeddable":true,"href":"https:\/\/ilyasoglu.com\/tr\/wp-json\/wp\/v2\/product_cat?post=1052"},{"taxonomy":"product_tag","embeddable":true,"href":"https:\/\/ilyasoglu.com\/tr\/wp-json\/wp\/v2\/product_tag?post=1052"}],"curies":[{"name":"wp","href":"https:\/\/api.w.org\/{rel}","templated":true}]}}