{"id":102575,"date":"2024-06-24T18:31:00","date_gmt":"2024-06-24T15:31:00","guid":{"rendered":"https:\/\/ilyasoglu.com\/?post_type=product&#038;p=102575"},"modified":"2026-01-03T13:13:26","modified_gmt":"2026-01-03T10:13:26","slug":"silver-evil-eye-pendant","status":"publish","type":"product","link":"https:\/\/ilyasoglu.com\/tr\/urun\/gumus-nazar-kolye-ucu\/","title":{"rendered":"G\u00fcm\u00fc\u015f Kolye"},"content":{"rendered":"<p>925 G\u00fcm\u00fc\u015f Nazarl\u0131k Kolye<\/p>","protected":false},"excerpt":{"rendered":"<p>1,00 gr <\/p>\n<p>G\u00d6Z RENKLERI MEVCUT:<br \/><img decoding=\"async\" class=\"alignnone size-full wp-image-26860\" src=\"https:\/\/ilyasoglu.com\/wp-content\/uploads\/2024\/06\/2colors.jpg\"\/><\/p>","protected":false},"featured_media":84341,"template":"","meta":{"_seopress_robots_primary_cat":"","_seopress_titles_title":"Turkish Silver Evil Eye Pendant, 925 Silver Evil Eye Pendant","_seopress_titles_desc":"Round with Tulip and Greek Symbol, Sterling Silver Evil Eye Pendant, Turkish Silver Evil Eye Pendant, Good Luck Pendant","_seopress_robots_index":"","_crdt_document":""},"product_brand":[],"product_cat":[2157],"product_tag":[],"class_list":{"0":"post-102575","1":"product","2":"type-product","3":"status-publish","4":"has-post-thumbnail","6":"product_cat-silver-pendants","8":"first","9":"instock","10":"shipping-taxable","11":"purchasable","12":"product-type-simple"},"group_of_quantity":0,"min_quantity":3,"max_quantity":"","exclude_order_quantity_value_rules":"no","exclude_category_quantity_rules":"no","combine_variations":"no","jetpack-related-posts":[],"jetpack_sharing_enabled":true,"_links":{"self":[{"href":"https:\/\/ilyasoglu.com\/tr\/wp-json\/wp\/v2\/product\/102575","targetHints":{"allow":["GET"]}}],"collection":[{"href":"https:\/\/ilyasoglu.com\/tr\/wp-json\/wp\/v2\/product"}],"about":[{"href":"https:\/\/ilyasoglu.com\/tr\/wp-json\/wp\/v2\/types\/product"}],"wp:featuredmedia":[{"embeddable":true,"href":"https:\/\/ilyasoglu.com\/tr\/wp-json\/wp\/v2\/media\/84341"}],"wp:attachment":[{"href":"https:\/\/ilyasoglu.com\/tr\/wp-json\/wp\/v2\/media?parent=102575"}],"wp:term":[{"taxonomy":"product_brand","embeddable":true,"href":"https:\/\/ilyasoglu.com\/tr\/wp-json\/wp\/v2\/product_brand?post=102575"},{"taxonomy":"product_cat","embeddable":true,"href":"https:\/\/ilyasoglu.com\/tr\/wp-json\/wp\/v2\/product_cat?post=102575"},{"taxonomy":"product_tag","embeddable":true,"href":"https:\/\/ilyasoglu.com\/tr\/wp-json\/wp\/v2\/product_tag?post=102575"}],"curies":[{"name":"wp","href":"https:\/\/api.w.org\/{rel}","templated":true}]}}