{"id":9,"date":"2024-06-15T19:34:03","date_gmt":"2024-06-15T17:34:03","guid":{"rendered":"https:\/\/ilyasoglu.com\/my-account\/"},"modified":"2024-07-13T14:05:24","modified_gmt":"2024-07-13T11:05:24","slug":"my-account","status":"publish","type":"page","link":"https:\/\/ilyasoglu.com\/tr\/benim-hesabim\/","title":{"rendered":"Benim hesab\u0131m"},"content":{"rendered":"<h1 class=\"wp-block-heading has-text-align-center\" id=\"h-my-account\">HESABIM<\/h1>\n\n\n\n<p class=\"has-text-align-center wp-block-paragraph\">Burada hesap bilgilerinizi d\u00fczenleyebilir, g\u00f6nderi ve fatura adreslerinizi de\u011fi\u015ftirebilirsiniz, <br>ve mevcut sipari\u015finizin durumunu g\u00f6r\u00fcn veya eski sipari\u015flerinize bir g\u00f6z at\u0131n.<br><br><\/p>\n\n\n\n<p class=\"has-text-align-center custom-message-for-not-logged-in has-vivid-red-color has-text-color has-link-color wp-elements-f1fa1a4fd82e8281119be3abd9fa1b7c wp-block-paragraph\"><strong><em>ESKI M\u00dc\u015eTERILERE UYARI: <\/em><\/strong><br><strong><em>G\u00fcvenli\u011fi art\u0131rmak i\u00e7in \u015fifre politikam\u0131zda baz\u0131 de\u011fi\u015fiklikler yapt\u0131k. <\/em><\/strong><br><strong><em>Sonu\u00e7 olarak, hesab\u0131n\u0131za eri\u015fmeye devam etmek i\u00e7in \u015fifrenizi s\u0131f\u0131rlaman\u0131z gerekebilir. <\/em><br>L\u00fctfen takip edin <a href=\"https:\/\/ilyasoglu.com\/tr\/benim-hesabim\/lost-password\/\"><span style=\"text-decoration: underline;\">\u015eifrenizi Kaybettiniz<\/span><\/a> ba\u011flant\u0131s\u0131na t\u0131klayarak \u015fifrenizi s\u0131f\u0131rlayabilirsiniz.<br><\/strong><br><\/p>\n\n\n<div class=\"woocommerce\"><\/div>\n\n\n\n<p class=\"wp-block-paragraph\"><\/p>","protected":false},"excerpt":{"rendered":"<p>HESABIM Burada hesap bilgilerinizi d\u00fczenleyebilir, g\u00f6nderim ve fatura adreslerinizi de\u011fi\u015ftirebilir ve mevcut sipari\u015finizin durumunu g\u00f6rebilir veya eski sipari\u015flerinize g\u00f6z atabilirsiniz. ESK\u0130 M\u00dc\u015eTER\u0130LER\u0130M\u0130ZE DUYURU: G\u00fcvenli\u011fi art\u0131rmak i\u00e7in \u015fifre politikam\u0131zda baz\u0131 de\u011fi\u015fiklikler yapt\u0131k. Sonu\u00e7 olarak, \u015fifrenizi s\u0131f\u0131rlaman\u0131z gerekebilir...<\/p>","protected":false},"author":1,"featured_media":0,"parent":0,"menu_order":0,"comment_status":"closed","ping_status":"closed","template":"","meta":{"_seopress_robots_primary_cat":"","_seopress_titles_title":"","_seopress_titles_desc":"","_seopress_robots_index":"","_crdt_document":"","jetpack_post_was_ever_published":true,"footnotes":""},"class_list":["post-9","page","type-page","status-publish","hentry"],"jetpack_shortlink":"https:\/\/wp.me\/PfQzo3-9","jetpack-related-posts":[],"jetpack_sharing_enabled":true,"_links":{"self":[{"href":"https:\/\/ilyasoglu.com\/tr\/wp-json\/wp\/v2\/pages\/9","targetHints":{"allow":["GET"]}}],"collection":[{"href":"https:\/\/ilyasoglu.com\/tr\/wp-json\/wp\/v2\/pages"}],"about":[{"href":"https:\/\/ilyasoglu.com\/tr\/wp-json\/wp\/v2\/types\/page"}],"author":[{"embeddable":true,"href":"https:\/\/ilyasoglu.com\/tr\/wp-json\/wp\/v2\/users\/1"}],"replies":[{"embeddable":true,"href":"https:\/\/ilyasoglu.com\/tr\/wp-json\/wp\/v2\/comments?post=9"}],"version-history":[{"count":0,"href":"https:\/\/ilyasoglu.com\/tr\/wp-json\/wp\/v2\/pages\/9\/revisions"}],"wp:attachment":[{"href":"https:\/\/ilyasoglu.com\/tr\/wp-json\/wp\/v2\/media?parent=9"}],"curies":[{"name":"wp","href":"https:\/\/api.w.org\/{rel}","templated":true}]}}