{"id":173441,"date":"2024-08-16T13:10:52","date_gmt":"2024-08-16T10:10:52","guid":{"rendered":"https:\/\/ilyasoglu.com\/?page_id=173441"},"modified":"2024-08-16T14:25:55","modified_gmt":"2024-08-16T11:25:55","slug":"tercuman-gazetesi-23-02-2004","status":"publish","type":"page","link":"https:\/\/ilyasoglu.com\/tr\/newspaper-tercuman-23-02-2004\/","title":{"rendered":"Gazete: TERCUMAN 23.02.2004"},"content":{"rendered":"<p class=\"wp-block-paragraph\">Gazete: TERCUMAN 23.02.2004<\/p>\n\n\n\n<p class=\"has-text-align-center wp-block-paragraph\"><a href=\"https:\/\/ilyasoglu.com\/wp-content\/uploads\/2024\/08\/tercuman_b.jpg\">T\u00dcRK\u00c7E TAM OR\u0130J\u0130NAL METN\u0130 okumak i\u00e7in buraya t\u0131klay\u0131n<\/a><\/p>\n\n\n\n<p class=\"has-text-align-center wp-block-paragraph\">K\u00f6t\u00fcl\u00fcklerin \u0130mparatoru<\/p>\n\n\n<div class=\"wp-block-image\">\n<figure class=\"aligncenter\"><img data-recalc-dims=\"1\" decoding=\"async\" src=\"https:\/\/i0.wp.com\/archive.ilyasoglu.com\/html\/imagejpg\/news\/tercuman_1.jpg?w=1170&#038;ssl=1\" alt=\"\"\/><\/figure>\n<\/div>\n\n\n<p class=\"has-text-align-center wp-block-paragraph\">Nafi Ervaron as\u0131l mesle\u011fini b\u0131rakt\u0131ktan sonra \u0130lyaso\u011flu'nu d\u00fcnyan\u0131n en b\u00fcy\u00fck nazar boncu\u011fu ihracat\u00e7\u0131s\u0131 yapt\u0131; bug\u00fcn \u015firketin cirosu 4 milyon dolara ula\u015ft\u0131.<\/p>\n\n\n\n<p class=\"has-text-align-center wp-block-paragraph\">En k\u00fc\u00e7\u00fck nazar<\/p>\n\n\n\n<p class=\"has-text-align-center wp-block-paragraph\">D\u00fcnyan\u0131n en k\u00fc\u00e7\u00fck ve en b\u00fcy\u00fck nazarl\u0131klar\u0131 \u0130lyaso\u011flu'na ba\u011fl\u0131 100'den fazla at\u00f6lyede \u00fcretiliyor. \u00dcreticiler, 1 milimetre ile d\u00fcnyan\u0131n en k\u00fc\u00e7\u00fck nazarl\u0131\u011f\u0131n\u0131 yapabildikten sonra yine ayn\u0131 at\u00f6lyelerde; 40 santimetre ile d\u00fcnyan\u0131n en b\u00fcy\u00fck g\u00f6z\u00fcn\u00fc olu\u015fturmay\u0131 ba\u015fard\u0131lar.<\/p>\n\n\n<div class=\"wp-block-image\">\n<figure class=\"aligncenter\"><img data-recalc-dims=\"1\" decoding=\"async\" src=\"https:\/\/i0.wp.com\/archive.ilyasoglu.com\/html\/imagejpg\/news\/tercuman_2.jpg?w=1170&#038;ssl=1\" alt=\"\"\/><\/figure>\n<\/div>\n\n\n<p class=\"has-text-align-center wp-block-paragraph\">Nafi Ervaron'u yakla\u015f\u0131k 20 y\u0131l \u00f6nce \u0130svi\u00e7re'de BM'de \"geli\u015fmekte olan \u00fclkelere yard\u0131m\" konusunda parlamenter olarak \u00e7al\u0131\u015f\u0131rken tan\u0131d\u0131k. Uganda'ya atand\u0131ktan sonra mesle\u011fini b\u0131rakarak 1984 y\u0131l\u0131nda T\u00fcrkiye'ye d\u00f6nd\u00fc. Farkl\u0131 \u015firketlerde \u00e7al\u0131\u015ft\u0131ktan ve piyasada deneyim kazand\u0131ktan sonra, bu adam i\u00e7in yol a\u00e7\u0131kt\u0131: \"Kem g\u00f6zlerin imparatoru\".<\/p>\n\n\n\n<p class=\"has-text-align-center wp-block-paragraph\">Parlimentary Boncuk T\u00fcccar\u0131<\/p>\n\n\n\n<p class=\"has-text-align-center wp-block-paragraph\">Nafi Ervaron, farkl\u0131 sekt\u00f6rlerdeki \u00e7e\u015fitli i\u015flerinden sonra, yakla\u015f\u0131k 35 y\u0131l \u00f6nce \u0130lyaso\u011flu A.\u015e.'yi kuran a\u011fabeyi Sami Ervaron ile \u00e7al\u0131\u015fmaya ba\u015flad\u0131. Daha sonra \u0130ngilizce, Frans\u0131zca ve \u0130spanyolca'y\u0131 ana dili gibi konu\u015farak \u015firketin \u0130hracat M\u00fcd\u00fcr\u00fc oldu. \u0130lk olarak i\u00e7 hediye pazar\u0131n\u0131 kontrol alt\u0131na ald\u0131 ve daha sonra Birle\u015fmi\u015f Milletler'deki arkada\u015flar\u0131n\u0131n deste\u011fiyle Yunanistan ve \u0130srail Pazarlar\u0131na ihracat yapmaya ba\u015flad\u0131. Bu maceral\u0131 bir nazar hikayesinin ba\u015flang\u0131c\u0131yd\u0131.<\/p>\n\n\n<div class=\"wp-block-image\">\n<figure class=\"aligncenter\"><img data-recalc-dims=\"1\" decoding=\"async\" src=\"https:\/\/i0.wp.com\/archive.ilyasoglu.com\/html\/imagejpg\/news\/tercuman_3.jpg?w=1170&#038;ssl=1\" alt=\"\"\/><\/figure>\n<\/div>\n\n\n<p class=\"has-text-align-center wp-block-paragraph\">62 \u00dclkeye \u0130hracat<\/p>\n\n\n\n<p class=\"has-text-align-center wp-block-paragraph\">\u0130lyaso\u011flu \u015fimdi 62 \u00fclkeye ihracat yapan b\u00fcy\u00fck bir imparatorluk haline geldi. Yakla\u015f\u0131k 35 y\u0131l \u00f6nce 3000 USD sermaye ile ba\u015flayan yolculuk bug\u00fcn 4 milyon dolar ciroya ula\u015fm\u0131\u015f durumda. Ba\u015fta \u0130stanbul ve \u0130zmir olmak \u00fczere 100'den fazla at\u00f6lyede \u0130lyaso\u011flu i\u00e7in 3000'den fazla model \u00fcretiliyor.<\/p>\n\n\n\n<p class=\"has-text-align-center wp-block-paragraph\">G\u00f6zl\u00fck yeterli de\u011fil...<\/p>\n\n\n\n<p class=\"has-text-align-center wp-block-paragraph\">Nafi Ervaron, eskiden t\u00fcm nazarl\u0131klar\u0131n camdan yap\u0131ld\u0131\u011f\u0131n\u0131, ancak g\u00fcn\u00fcm\u00fczde plastik, akrilik ve polyesterden \u00fcretildi\u011fini; bunun nedeninin de yeterli cam bulamamalar\u0131 oldu\u011funu s\u00f6yledi<\/p>","protected":false},"excerpt":{"rendered":"<p>Gazete: TERCUMAN 23.02.2004 T\u00dcRK\u00c7E TAM OR\u0130J\u0130NAL METN\u0130 OKUMAK \u0130\u00c7\u0130N TIKLAYINIZ Nazarl\u0131klar \u0130mparatoru Nafi Ervaron as\u0131l mesle\u011fini b\u0131rakt\u0131ktan sonra \u0130lyaso\u011flu'nu d\u00fcnyan\u0131n en b\u00fcy\u00fck nazarl\u0131k ihracat\u00e7\u0131s\u0131 yapt\u0131; bug\u00fcn \u015firketin cirosu 4 milyon dolara ula\u015ft\u0131. En k\u00fc\u00e7\u00fck nazarl\u0131k D\u00fcnyan\u0131n en k\u00fc\u00e7\u00fck ve en b\u00fcy\u00fck nazarl\u0131klar\u0131 \u00fcretiliyor...<\/p>","protected":false},"author":248717097,"featured_media":0,"parent":0,"menu_order":0,"comment_status":"closed","ping_status":"closed","template":"","meta":{"_seopress_robots_primary_cat":"","_seopress_titles_title":"","_seopress_titles_desc":"","_seopress_robots_index":"","_seopress_analysis_target_kw":"","_crdt_document":"","footnotes":""},"class_list":["post-173441","page","type-page","status-publish","hentry"],"jetpack_shortlink":"https:\/\/wp.me\/PfQzo3-J7r","jetpack-related-posts":[],"jetpack_sharing_enabled":true,"_links":{"self":[{"href":"https:\/\/ilyasoglu.com\/tr\/wp-json\/wp\/v2\/pages\/173441","targetHints":{"allow":["GET"]}}],"collection":[{"href":"https:\/\/ilyasoglu.com\/tr\/wp-json\/wp\/v2\/pages"}],"about":[{"href":"https:\/\/ilyasoglu.com\/tr\/wp-json\/wp\/v2\/types\/page"}],"author":[{"embeddable":true,"href":"https:\/\/ilyasoglu.com\/tr\/wp-json\/wp\/v2\/users\/248717097"}],"replies":[{"embeddable":true,"href":"https:\/\/ilyasoglu.com\/tr\/wp-json\/wp\/v2\/comments?post=173441"}],"version-history":[{"count":0,"href":"https:\/\/ilyasoglu.com\/tr\/wp-json\/wp\/v2\/pages\/173441\/revisions"}],"wp:attachment":[{"href":"https:\/\/ilyasoglu.com\/tr\/wp-json\/wp\/v2\/media?parent=173441"}],"curies":[{"name":"wp","href":"https:\/\/api.w.org\/{rel}","templated":true}]}}