{"id":173439,"date":"2024-08-16T13:09:39","date_gmt":"2024-08-16T10:09:39","guid":{"rendered":"https:\/\/ilyasoglu.com\/?page_id=173439"},"modified":"2024-08-16T14:29:30","modified_gmt":"2024-08-16T11:29:30","slug":"sabah-gazetesi%cc%87-07-09-2004-2","status":"publish","type":"page","link":"https:\/\/ilyasoglu.com\/tr\/newspaper-sabah-07-09-2004-2\/","title":{"rendered":"Gazete: SABAH 07.09.2004"},"content":{"rendered":"<p class=\"wp-block-paragraph\">Gazete: SABAH 07.09.2004<\/p>\n\n\n\n<p class=\"has-text-align-center wp-block-paragraph\"><a href=\"https:\/\/arsiv.sabah.com.tr\/2004\/08\/20\/gny\/gny128-20040820-200.html\" target=\"_blank\" rel=\"noreferrer noopener\">T\u00dcRK\u00c7E TAM OR\u0130J\u0130NAL METN\u0130 okumak i\u00e7in buraya t\u0131klay\u0131n<\/a><\/p>\n\n\n\n<p class=\"has-text-align-center wp-block-paragraph\">D\u00fcnyan\u0131n d\u00f6rt bir yan\u0131na kem g\u00f6z satmak<\/p>\n\n\n<div class=\"wp-block-image\">\n<figure class=\"aligncenter\"><img data-recalc-dims=\"1\" decoding=\"async\" src=\"https:\/\/i0.wp.com\/archive.ilyasoglu.com\/html\/imagejpg\/news\/nafi_b.jpg?w=1170&#038;ssl=1\" alt=\"\"\/><\/figure>\n<\/div>\n\n\n<p class=\"has-text-align-center wp-block-paragraph\">Nazar imparatoru Nafi Ervaron sayesinde t\u00fcm d\u00fcnya \u015feytanlardan korunuyor. Nazarl\u0131k pazar\u0131na ve i\u015fine girdi\u011finde arkada\u015flar\u0131 taraf\u0131ndan ay\u0131plansa da \u015fimdi d\u00fcnyan\u0131n 62 \u00fclkesine ihracat yaparak ba\u015far\u0131l\u0131 oluyor.<br>Eski mesle\u011fini (diplomat) b\u0131rakt\u0131ktan sonra nazar boncu\u011fu ihracat\u0131na ba\u015flad\u0131. \u015eimdi 62 \u00fclkeye ihracat yapan \u0130lyaso\u011flu, bu sekt\u00f6rde tan\u0131nm\u0131\u015f bir d\u00fcnya markas\u0131. Yakla\u015f\u0131k 35 y\u0131l \u00f6nce 3000 dolar sermaye ile ba\u015flayan nazarl\u0131k yolculu\u011fu bug\u00fcn 4 milyon dolar ciroya ula\u015fm\u0131\u015f durumda. Firma 5 bin modelini d\u00fcnyan\u0131n farkl\u0131 yerlerine g\u00f6nderiyor. Firman\u0131n nazarl\u0131klar\u0131 kimi zaman hediye olarak sat\u0131l\u0131rken kimi zaman da zararl\u0131 g\u00f6zleri uzakla\u015ft\u0131rmak i\u00e7in evlerin ba\u015fk\u00f6\u015fesine konuluyor.<\/p>\n\n\n\n<p class=\"has-text-align-center wp-block-paragraph\">Diplomasi'den kem g\u00f6zlere yolculuk<\/p>\n\n\n<div class=\"wp-block-image\">\n<figure class=\"aligncenter\"><img data-recalc-dims=\"1\" decoding=\"async\" src=\"https:\/\/i0.wp.com\/archive.ilyasoglu.com\/html\/imagejpg\/news\/nafi2_b.jpg?w=1170&#038;ssl=1\" alt=\"\"\/><\/figure>\n<\/div>\n\n\n<p class=\"has-text-align-center wp-block-paragraph\">Nafi Ervaron, Galatasaray Lisesi'nden mezun olduktan sonra e\u011fitimine Fransa'da devam etti. Fransa'n\u0131n Grenoble kentinde Siyaset Bilimi okuduktan sonra Cenevre'de BM'de diplomat olarak \u00e7al\u0131\u015fmaya ba\u015flad\u0131. Uganda'ya atanmas\u0131n\u0131n ard\u0131ndan i\u015finden ayr\u0131ld\u0131 ve yeni hayat\u0131n\u0131n yolculu\u011fu ba\u015flad\u0131. 1975 y\u0131l\u0131nda kem g\u00f6zlerin imparatorlu\u011funu kurman\u0131n ilk ad\u0131mlar\u0131n\u0131 att\u0131: \u0130LYASO\u011eLU. E\u011fitimi ve BM'deki \u00e7al\u0131\u015fmalar\u0131 s\u0131ras\u0131nda T\u00fcrk el sanatlar\u0131n\u0131n yurt d\u0131\u015f\u0131nda \u00e7ok fazla tan\u0131nmad\u0131\u011f\u0131n\u0131 fark etti. Bir pazar bo\u015flu\u011fu oldu\u011fundan ve bu bo\u015flu\u011fun doldurulmas\u0131 gerekti\u011finden emindi. Nafi Ervaron, e\u011fitiminin, ge\u00e7mi\u015finin ve bildi\u011fi dillerin yurtd\u0131\u015f\u0131nda ba\u011flant\u0131lar kurmas\u0131nda kendisine \u00e7ok yard\u0131mc\u0131 olaca\u011f\u0131na karar verdi. \"\u0130ngilizce, Frans\u0131zca ve \u0130spanyolca biliyorum\". Ayr\u0131ca \u015funlar\u0131 s\u00f6yledi: \"Web sitemizi s\u0131k s\u0131k g\u00fcncelleyerek ve yeni modellerimizle m\u00fc\u015fterilerimizi bilgilendirerek teknolojiyi olduk\u00e7a ba\u015far\u0131l\u0131 bir \u015fekilde kullan\u0131yoruz. Ana \u00fcr\u00fcnlerin yan\u0131 s\u0131ra m\u00fc\u015fterilerimizle kurdu\u011fumuz dostluk ve onlara verdi\u011fimiz hizmet de ba\u015far\u0131m\u0131zda olduk\u00e7a \u00f6nemli. \u0130lk olarak Yunanistan ve Orta Do\u011fu'ya ihracat yapmaya ba\u015flad\u0131k. Bu pazarlara y\u00f6nelmemin nedeni nazarl\u0131klar\u0131n bu k\u00fclt\u00fcrler taraf\u0131ndan zaten biliniyor olmas\u0131yd\u0131. Daha sonra Amerika Birle\u015fik Devletleri ve Avustralya gibi deniza\u015f\u0131r\u0131 pazarlara a\u00e7\u0131ld\u0131k. Bug\u00fcnlerde G\u00fcney Amerika \u00fclkelerinden de yo\u011fun talep var. Nazar boncu\u011fu pazar\u0131na ve i\u015fine girdi\u011finde arkada\u015flar\u0131 taraf\u0131ndan ay\u0131plansa da \u015firketin ba\u015far\u0131s\u0131 ve 4 milyon dolarl\u0131k cirosu arkada\u015flar\u0131na bir nevi mesajd\u0131r.<\/p>\n\n\n\n<p class=\"has-text-align-center wp-block-paragraph\">Ev kad\u0131nlar\u0131 \u015firkete katk\u0131da bulunuyor<\/p>\n\n\n\n<p class=\"has-text-align-center wp-block-paragraph\">Nafi Ervaron, \u0130stanbul'da faaliyet g\u00f6steren \u015firketin \u015fu anda \u0130lyaso\u011flu'na ba\u011fl\u0131 100'den fazla at\u00f6lyesi oldu\u011funu s\u00f6yl\u00fcyor. Ervaron'un belirtti\u011fine g\u00f6re \u015fu anda firman\u0131n 5000'den fazla modeli var ve \u00fcr\u00fcnler cam, plastik, metal, g\u00fcm\u00fc\u015f, alt\u0131n akrilik ve polyesterden \u00fcretiliyor. Nafi Ervaron, ge\u00e7mi\u015fte t\u00fcm nazarl\u0131klar\u0131n camdan yap\u0131ld\u0131\u011f\u0131n\u0131, ancak g\u00fcn\u00fcm\u00fczde plastik, akrilik ve polyesterden \u00fcretildi\u011fini, \u00e7\u00fcnk\u00fc yeterince cam bulamad\u0131klar\u0131n\u0131 s\u00f6yledi.<\/p>\n\n\n\n<p class=\"has-text-align-center wp-block-paragraph\">Boyutlar\u0131 1 milimetre olan bir nazar boncu\u011fu<\/p>\n\n\n\n<p class=\"has-text-align-center wp-block-paragraph\">\u015eirketin at\u00f6lyelerinde d\u00fcnyan\u0131n en k\u00fc\u00e7\u00fck ve en b\u00fcy\u00fck nazarl\u0131klar\u0131 \u00fcretildi. En k\u00fc\u00e7\u00fc\u011f\u00fcn\u00fcn \u00e7ap\u0131 1 milimetreyken en b\u00fcy\u00fc\u011f\u00fc yakla\u015f\u0131k 40 santimetreydi.<\/p>","protected":false},"excerpt":{"rendered":"<p>Gazete: SABAH 07.09.2004 T\u00dcRK\u00c7E OR\u0130J\u0130NAL METN\u0130N TAMAMINI OKUMAK \u0130\u00c7\u0130N TIKLAYINIZ D\u00fcnyan\u0131n d\u00f6rt bir yan\u0131na nazar boncu\u011fu satan Nazar boncu\u011fu imparatoru Nafi Ervaron sayesinde t\u00fcm d\u00fcnya \u015feytanlardan korunuyor. Nazar boncu\u011fu pazar\u0131na ve i\u015fine girdi\u011finde arkada\u015flar\u0131 taraf\u0131ndan ay\u0131plansa da \u015fimdi...<\/p>","protected":false},"author":248717097,"featured_media":0,"parent":0,"menu_order":0,"comment_status":"closed","ping_status":"closed","template":"","meta":{"_seopress_robots_primary_cat":"","_seopress_titles_title":"","_seopress_titles_desc":"","_seopress_robots_index":"","_seopress_analysis_target_kw":"","_crdt_document":"","footnotes":""},"class_list":["post-173439","page","type-page","status-publish","hentry"],"jetpack_shortlink":"https:\/\/wp.me\/PfQzo3-J7p","jetpack-related-posts":[],"jetpack_sharing_enabled":true,"_links":{"self":[{"href":"https:\/\/ilyasoglu.com\/tr\/wp-json\/wp\/v2\/pages\/173439","targetHints":{"allow":["GET"]}}],"collection":[{"href":"https:\/\/ilyasoglu.com\/tr\/wp-json\/wp\/v2\/pages"}],"about":[{"href":"https:\/\/ilyasoglu.com\/tr\/wp-json\/wp\/v2\/types\/page"}],"author":[{"embeddable":true,"href":"https:\/\/ilyasoglu.com\/tr\/wp-json\/wp\/v2\/users\/248717097"}],"replies":[{"embeddable":true,"href":"https:\/\/ilyasoglu.com\/tr\/wp-json\/wp\/v2\/comments?post=173439"}],"version-history":[{"count":0,"href":"https:\/\/ilyasoglu.com\/tr\/wp-json\/wp\/v2\/pages\/173439\/revisions"}],"wp:attachment":[{"href":"https:\/\/ilyasoglu.com\/tr\/wp-json\/wp\/v2\/media?parent=173439"}],"curies":[{"name":"wp","href":"https:\/\/api.w.org\/{rel}","templated":true}]}}