{"id":4664,"date":"2024-06-17T13:23:40","date_gmt":"2024-06-17T11:23:40","guid":{"rendered":"https:\/\/ilyasoglu.com\/product\/brass-authentic-bracelet-14\/"},"modified":"2026-03-20T17:27:09","modified_gmt":"2026-03-20T14:27:09","slug":"laton-pulsera-autentica-14","status":"publish","type":"product","link":"https:\/\/ilyasoglu.com\/es\/product\/brass-authentic-bracelet-14\/","title":{"rendered":"PULSERA AUT\u00c9NTICA DE LAT\u00d3N"},"content":{"rendered":"<p>PULSERA AUT\u00c9NTICA DE LAT\u00d3N<\/p>","protected":false},"excerpt":{"rendered":"<p>PULSERA AUT\u00c9NTICA DE LAT\u00d3N<\/p>","protected":false},"featured_media":94243,"template":"","meta":{"_seopress_robots_primary_cat":"","_seopress_titles_title":"","_seopress_titles_desc":"","_seopress_robots_index":"","_crdt_document":""},"product_brand":[],"product_cat":[2080],"product_tag":[],"class_list":{"0":"post-4664","1":"product","2":"type-product","3":"status-publish","4":"has-post-thumbnail","6":"product_cat-bracelet-brass-jewelry","8":"first","9":"instock","10":"shipping-taxable","11":"purchasable","12":"product-type-simple"},"group_of_quantity":0,"min_quantity":5,"max_quantity":"","exclude_order_quantity_value_rules":"no","exclude_category_quantity_rules":"no","combine_variations":"no","jetpack-related-posts":[],"jetpack_sharing_enabled":true,"_links":{"self":[{"href":"https:\/\/ilyasoglu.com\/es\/wp-json\/wp\/v2\/product\/4664","targetHints":{"allow":["GET"]}}],"collection":[{"href":"https:\/\/ilyasoglu.com\/es\/wp-json\/wp\/v2\/product"}],"about":[{"href":"https:\/\/ilyasoglu.com\/es\/wp-json\/wp\/v2\/types\/product"}],"wp:featuredmedia":[{"embeddable":true,"href":"https:\/\/ilyasoglu.com\/es\/wp-json\/wp\/v2\/media\/94243"}],"wp:attachment":[{"href":"https:\/\/ilyasoglu.com\/es\/wp-json\/wp\/v2\/media?parent=4664"}],"wp:term":[{"taxonomy":"product_brand","embeddable":true,"href":"https:\/\/ilyasoglu.com\/es\/wp-json\/wp\/v2\/product_brand?post=4664"},{"taxonomy":"product_cat","embeddable":true,"href":"https:\/\/ilyasoglu.com\/es\/wp-json\/wp\/v2\/product_cat?post=4664"},{"taxonomy":"product_tag","embeddable":true,"href":"https:\/\/ilyasoglu.com\/es\/wp-json\/wp\/v2\/product_tag?post=4664"}],"curies":[{"name":"wp","href":"https:\/\/api.w.org\/{rel}","templated":true}]}}