{"id":1979,"date":"2024-06-17T13:18:23","date_gmt":"2024-06-17T11:18:23","guid":{"rendered":"https:\/\/ilyasoglu.com\/product\/evil-eye-metal-tree-3\/"},"modified":"2026-03-20T17:21:15","modified_gmt":"2026-03-20T14:21:15","slug":"evil-eye-metal-tree-3","status":"publish","type":"product","link":"https:\/\/ilyasoglu.com\/es\/producto\/evil-eye-metal-tree-3\/","title":{"rendered":"\u00c1rbol met\u00e1lico del mal de ojo"},"content":{"rendered":"<p>\u00c1rbol met\u00e1lico del mal de ojo <br \/>15x10cm<\/p>","protected":false},"excerpt":{"rendered":"<p>\u00c1rbol met\u00e1lico del mal de ojo <br \/>15x10cm<\/p>","protected":false},"featured_media":92038,"template":"","meta":{"_seopress_robots_primary_cat":"","_seopress_titles_title":"","_seopress_titles_desc":"","_seopress_robots_index":"","_crdt_document":"","jetpack_post_was_ever_published":false},"product_brand":[],"product_cat":[2042],"product_tag":[],"class_list":{"0":"post-1979","1":"product","2":"type-product","3":"status-publish","4":"has-post-thumbnail","6":"product_cat-metal-evil-eye-trees","8":"first","9":"instock","10":"shipping-taxable","11":"purchasable","12":"product-type-simple"},"group_of_quantity":5,"min_quantity":5,"max_quantity":"","exclude_order_quantity_value_rules":"no","exclude_category_quantity_rules":"no","combine_variations":"no","jetpack-related-posts":[],"jetpack_sharing_enabled":true,"_links":{"self":[{"href":"https:\/\/ilyasoglu.com\/es\/wp-json\/wp\/v2\/product\/1979","targetHints":{"allow":["GET"]}}],"collection":[{"href":"https:\/\/ilyasoglu.com\/es\/wp-json\/wp\/v2\/product"}],"about":[{"href":"https:\/\/ilyasoglu.com\/es\/wp-json\/wp\/v2\/types\/product"}],"wp:featuredmedia":[{"embeddable":true,"href":"https:\/\/ilyasoglu.com\/es\/wp-json\/wp\/v2\/media\/92038"}],"wp:attachment":[{"href":"https:\/\/ilyasoglu.com\/es\/wp-json\/wp\/v2\/media?parent=1979"}],"wp:term":[{"taxonomy":"product_brand","embeddable":true,"href":"https:\/\/ilyasoglu.com\/es\/wp-json\/wp\/v2\/product_brand?post=1979"},{"taxonomy":"product_cat","embeddable":true,"href":"https:\/\/ilyasoglu.com\/es\/wp-json\/wp\/v2\/product_cat?post=1979"},{"taxonomy":"product_tag","embeddable":true,"href":"https:\/\/ilyasoglu.com\/es\/wp-json\/wp\/v2\/product_tag?post=1979"}],"curies":[{"name":"wp","href":"https:\/\/api.w.org\/{rel}","templated":true}]}}