{"id":9,"date":"2024-06-15T19:34:03","date_gmt":"2024-06-15T17:34:03","guid":{"rendered":"https:\/\/ilyasoglu.com\/my-account\/"},"modified":"2024-07-13T14:05:24","modified_gmt":"2024-07-13T11:05:24","slug":"my-account","status":"publish","type":"page","link":"https:\/\/ilyasoglu.com\/es\/mi-cuenta\/","title":{"rendered":"Mi cuenta"},"content":{"rendered":"<h1 class=\"wp-block-heading has-text-align-center\" id=\"h-my-account\">MY ACCOUNT<\/h1>\n\n\n\n<p class=\"has-text-align-center wp-block-paragraph\">Here you can edit your account details, change your shipping and invoice addresses, <br>and see your status of your current order, or take a look at your old orders.<br><br><\/p>\n\n\n\n<p class=\"has-text-align-center custom-message-for-not-logged-in has-vivid-red-color has-text-color has-link-color wp-elements-f1fa1a4fd82e8281119be3abd9fa1b7c wp-block-paragraph\"><strong><em>NOTICE TO OLD CUSTOMERS: <\/em><\/strong><br><strong><em>We have made some changes to our password policy to enchance security. <\/em><\/strong><br><strong><em>As a result, you may need to reset your password to continue accessing your account. <\/em><br>Please follow the <a href=\"https:\/\/ilyasoglu.com\/es\/mi-cuenta\/lost-password\/\"><span style=\"text-decoration: underline;\">Lost your Password<\/span><\/a> link to reset your password.<br><\/strong><br><\/p>\n\n\n<div class=\"woocommerce\"><\/div>\n\n\n\n<p class=\"wp-block-paragraph\"><\/p>","protected":false},"excerpt":{"rendered":"<p>MI CUENTA Aqu\u00ed puedes editar los detalles de tu cuenta, cambiar tus direcciones de env\u00edo y facturaci\u00f3n, y ver el estado de tu pedido actual, o echar un vistazo a tus pedidos antiguos. AVISO A LOS CLIENTES ANTIGUOS: Hemos realizado algunos cambios en nuestra pol\u00edtica de contrase\u00f1as para mejorar la seguridad. Como resultado, es posible que tenga que restablecer...<\/p>","protected":false},"author":1,"featured_media":0,"parent":0,"menu_order":0,"comment_status":"closed","ping_status":"closed","template":"","meta":{"_seopress_robots_primary_cat":"","_seopress_titles_title":"","_seopress_titles_desc":"","_seopress_robots_index":"","_crdt_document":"","footnotes":""},"class_list":["post-9","page","type-page","status-publish","hentry"],"jetpack_shortlink":"https:\/\/wp.me\/PfQzo3-9","jetpack-related-posts":[],"jetpack_sharing_enabled":true,"_links":{"self":[{"href":"https:\/\/ilyasoglu.com\/es\/wp-json\/wp\/v2\/pages\/9","targetHints":{"allow":["GET"]}}],"collection":[{"href":"https:\/\/ilyasoglu.com\/es\/wp-json\/wp\/v2\/pages"}],"about":[{"href":"https:\/\/ilyasoglu.com\/es\/wp-json\/wp\/v2\/types\/page"}],"author":[{"embeddable":true,"href":"https:\/\/ilyasoglu.com\/es\/wp-json\/wp\/v2\/users\/1"}],"replies":[{"embeddable":true,"href":"https:\/\/ilyasoglu.com\/es\/wp-json\/wp\/v2\/comments?post=9"}],"version-history":[{"count":0,"href":"https:\/\/ilyasoglu.com\/es\/wp-json\/wp\/v2\/pages\/9\/revisions"}],"wp:attachment":[{"href":"https:\/\/ilyasoglu.com\/es\/wp-json\/wp\/v2\/media?parent=9"}],"curies":[{"name":"wp","href":"https:\/\/api.w.org\/{rel}","templated":true}]}}