{"id":26926,"date":"2024-06-19T19:18:45","date_gmt":"2024-06-19T17:18:45","guid":{"rendered":"https:\/\/ilyasoglu.com\/?page_id=26926"},"modified":"2025-01-26T21:50:29","modified_gmt":"2025-01-26T18:50:29","slug":"ilyasoglu-contact-form","status":"publish","type":"page","link":"https:\/\/ilyasoglu.com\/es\/ilyasoglu-contact-form\/","title":{"rendered":"Direcci\u00f3n de contacto de Ilyasoglu Evil Eyes"},"content":{"rendered":"<div class=\"wp-block-image\">\n<figure class=\"aligncenter size-full is-resized\"><img decoding=\"async\" src=\"https:\/\/ilyasoglu.com\/wp-content\/uploads\/2024\/06\/nazar-logo-unvan-2.jpg\" alt=\"\" class=\"wp-image-26938\" style=\"width:152px;height:auto\"\/><\/figure>\n<\/div>\n\n\n<p class=\"wp-block-paragraph\"><\/p>\n\n\n\n<div class=\"wp-block-group alignwide is-content-justification-center\" style=\"margin-top:0;margin-bottom:0;padding-top:calc( 0.5 * var(--wp--style--root--padding-right, var(--wp--custom--gap--horizontal)));padding-right:var(--wp--style--root--padding-right, var(--wp--custom--gap--horizontal));padding-bottom:calc( 0.5 * var(--wp--style--root--padding-right, var(--wp--custom--gap--horizontal)));padding-left:var(--wp--style--root--padding-left, var(--wp--custom--gap--horizontal))\"><div class=\"wp-block-group__inner-container is-layout-constrained wp-container-core-group-is-layout-2dc3bf18 wp-block-group-is-layout-constrained\">\n<div style=\"height:calc( 0.25 * var(--wp--style--root--padding-right, var(--wp--custom--gap--horizontal)))\" aria-hidden=\"true\" class=\"wp-block-spacer\"><\/div>\n\n\n\n<div class=\"wp-block-columns alignwide is-layout-flex wp-container-core-columns-is-layout-8f761849 wp-block-columns-is-layout-flex\">\n<div class=\"wp-block-column is-vertically-aligned-top is-layout-flow wp-block-column-is-layout-flow\" style=\"flex-basis:33.33%\">\n<div class=\"wp-block-group\"><div class=\"wp-block-group__inner-container is-layout-flow wp-block-group-is-layout-flow\">\n<p class=\"has-small-font-size wp-block-paragraph\" style=\"font-style:normal;font-weight:700;line-height:1.6\">Direcci\u00f3n:<\/p>\n\n\n\n<p class=\"has-small-font-size wp-block-paragraph\" style=\"line-height:1.6\">Sede social: Mercan Uzuncarsi Cad. No:104 Estambul TURQU\u00cdA<br>Sala de exposiciones: Mercan, Vasif Cinar Cad. 16\/18 T\u00fcrk Plastik Han No:10 Estambul TURKEY<br>Puede localizar nuestra direcci\u00f3n en <a href=\"https:\/\/www.google.com\/maps\/place\/Ilyasoglu+Hediyelik+Esya\/@41.015134,28.9674,17z\/data=!3m1!4b1!4m2!3m1!1s0x14cab992d8986901:0x39ca0523ad1774df\" data-type=\"link\" data-id=\"https:\/\/www.google.com\/maps\/place\/Ilyasoglu+Hediyelik+Esya\/@41.015134,28.9674,17z\/data=!3m1!4b1!4m2!3m1!1s0x14cab992d8986901:0x39ca0523ad1774df\">GOOGLEMAPS<\/a><br><\/p>\n<\/div><\/div>\n\n\n\n<div class=\"wp-block-group\"><div class=\"wp-block-group__inner-container is-layout-flow wp-block-group-is-layout-flow\">\n<p class=\"has-small-font-size wp-block-paragraph\" style=\"font-style:normal;font-weight:700;line-height:1.6\">Tel\u00e9fono:<\/p>\n\n\n\n<p class=\"has-small-font-size wp-block-paragraph\" style=\"line-height:1.6\"><br>+90 212 513 34 49 (PBX)<br># 1 para conectarse a nuestra TIENDA<br># 2 para ventas dom\u00e9sticas y sala de exposici\u00f3n <br># 3 para el Departamento de Exportaci\u00f3n<br><br><strong>Tel\u00e9fonos m\u00f3viles:<\/strong><br>Sr. Shay Ervaron (Director de Exportaci\u00f3n y Marketing Internacional)<br>Sr. H\u00fcseyin \u00dcnal (Operaciones Internacionales) <br>Sr. Y\u00fcksel Turan (Ventas Nacionales y Marketing)<br><br><strong>Tel\u00e9fonos m\u00f3viles:<\/strong><br>+90 532 363 33 07 (Sr.Shay)<br>+90 536 456 57 82 (Sr.Huseyin)<\/p>\n<\/div><\/div>\n\n\n\n<div class=\"wp-block-group\"><div class=\"wp-block-group__inner-container is-layout-flow wp-block-group-is-layout-flow\">\n<p class=\"has-small-font-size wp-block-paragraph\" style=\"font-style:normal;font-weight:700;line-height:1.6\">Correo electr\u00f3nico:<\/p>\n\n\n\n<p class=\"has-small-font-size wp-block-paragraph\" style=\"line-height:1.6\"><a href=\"#\" target=\"_blank\" rel=\"noreferrer noopener\">contact@ilyasoglu.com<\/a><br><br><\/p>\n<\/div><\/div>\n<\/div>\n\n\n\n<div class=\"wp-block-column is-layout-flow wp-block-column-is-layout-flow\" style=\"flex-basis:66.66%\">\n<div class=\"wp-block-jetpack-map is-style-black_and_white\" data-map-id=\"jp-map-1\" data-map-provider=\"mapkit\" data-api-key=\"pk.eyJ1IjoiYXV0b21hdHRpYyIsImEiOiJjazVpZjA5aWswYTFvM21sOWtzNW1rNG9lIn0.Gu-sp4wRxnnQB-Qa8CpuZQ\" data-map-style=\"black_and_white\" data-blog-id=\"234174127\"><ul><li><a href=\"https:\/\/www.google.com\/maps\/search\/?api=1&amp;query=41.014706,28.967483\">Uzuncarsi Cd. 104, Fatih, Estambul, Turqu\u00eda<\/a><\/li><\/ul><\/div>\n<\/div>\n<\/div>\n\n\n\n<div style=\"height:calc( 0.25 * var(--wp--style--root--padding-right, var(--wp--custom--gap--horizontal)))\" aria-hidden=\"true\" class=\"wp-block-spacer\"><\/div>\n<\/div><\/div>\n\n\n\n<hr class=\"wp-block-separator has-alpha-channel-opacity\"\/>\n\n\n\n<div class=\"wp-block-group alignwide is-content-justification-center\" style=\"margin-top:0;margin-bottom:0;padding-top:calc( 0.5 * var(--wp--style--root--padding-right, var(--wp--custom--gap--horizontal)));padding-right:var(--wp--style--root--padding-right, var(--wp--custom--gap--horizontal));padding-bottom:calc( 0.5 * var(--wp--style--root--padding-right, var(--wp--custom--gap--horizontal)));padding-left:var(--wp--style--root--padding-left, var(--wp--custom--gap--horizontal))\"><div class=\"wp-block-group__inner-container is-layout-constrained wp-container-core-group-is-layout-2dc3bf18 wp-block-group-is-layout-constrained\">\n<div style=\"height:calc( 0.25 * var(--wp--style--root--padding-right, var(--wp--custom--gap--horizontal)))\" aria-hidden=\"true\" class=\"wp-block-spacer\"><\/div>\n\n\n\n<div class=\"wp-block-columns alignwide is-layout-flex wp-container-core-columns-is-layout-12e7d973 wp-block-columns-is-layout-flex\">\n<div class=\"wp-block-column is-layout-flow wp-block-column-is-layout-flow\" style=\"flex-basis:66.66%\"><div class=\"wp-block-jetpack-contact-form is-style-animated wp-elements-515759e48fd146c2e7a3e12e762bc2b0\"><a href=\"https:\/\/ilyasoglu.com\/es\/ilyasoglu-contact-form\/\" target=\"_blank\" rel=\"noopener noreferrer\">Env\u00eda un formulario.<\/a><\/div><\/div>\n\n\n\n<div class=\"wp-block-column is-layout-flow wp-block-column-is-layout-flow\" style=\"flex-basis:33.33%\">\n<div class=\"wp-block-group is-vertical is-content-justification-left is-layout-flex wp-container-core-group-is-layout-3627bc6d wp-block-group-is-layout-flex\">\n<p class=\"wp-block-paragraph\">\u00bfPreguntas, comentarios o peticiones? <br>No dude en ponerse en contacto con nosotros, nos encantar\u00eda saber de usted.<\/p>\n<\/div>\n<\/div>\n<\/div>\n\n\n\n<div style=\"height:calc( 0.25 * var(--wp--style--root--padding-right, var(--wp--custom--gap--horizontal)))\" aria-hidden=\"true\" class=\"wp-block-spacer\"><\/div>\n<\/div><\/div>\n\n\n\n<p class=\"wp-block-paragraph\"><\/p>","protected":false},"excerpt":{"rendered":"<p>Direcci\u00f3n: Oficina central: Mercan Uzuncarsi Cad. No:104 Istanbul TURKEYShowroom: Mercan, Vasif Cinar Cad. 16\/18 T\u00fcrk Plastik Han No:10 Istanbul TURKEYou can locate our address in GOOGLEMAPS Tel\u00e9fono: +90 212 513 34 49 (PBX)# 1 para conectar con nuestra TIENDA# 2 para Ventas Nacionales y Showroom # 3 para el Departamento de Exportaci\u00f3n Tel\u00e9fonos m\u00f3viles:Sr. Shay Ervaron (Export...<\/p>","protected":false},"author":248717097,"featured_media":0,"parent":0,"menu_order":0,"comment_status":"closed","ping_status":"closed","template":"","meta":{"_seopress_robots_primary_cat":"","_seopress_titles_title":"","_seopress_titles_desc":"Ilyasoglu Contact Form, Ilyasoglu Address, Ilyasoglu Direction, Ilyasoglu Evil Eyes Turkey, Ilyasoglu Evil Eyes Istanbul","_seopress_robots_index":"","_crdt_document":"","footnotes":""},"class_list":["post-26926","page","type-page","status-publish","hentry"],"jetpack_shortlink":"https:\/\/wp.me\/PfQzo3-70i","jetpack-related-posts":[],"jetpack_sharing_enabled":true,"_links":{"self":[{"href":"https:\/\/ilyasoglu.com\/es\/wp-json\/wp\/v2\/pages\/26926","targetHints":{"allow":["GET"]}}],"collection":[{"href":"https:\/\/ilyasoglu.com\/es\/wp-json\/wp\/v2\/pages"}],"about":[{"href":"https:\/\/ilyasoglu.com\/es\/wp-json\/wp\/v2\/types\/page"}],"author":[{"embeddable":true,"href":"https:\/\/ilyasoglu.com\/es\/wp-json\/wp\/v2\/users\/248717097"}],"replies":[{"embeddable":true,"href":"https:\/\/ilyasoglu.com\/es\/wp-json\/wp\/v2\/comments?post=26926"}],"version-history":[{"count":1,"href":"https:\/\/ilyasoglu.com\/es\/wp-json\/wp\/v2\/pages\/26926\/revisions"}],"predecessor-version":[{"id":174159,"href":"https:\/\/ilyasoglu.com\/es\/wp-json\/wp\/v2\/pages\/26926\/revisions\/174159"}],"wp:attachment":[{"href":"https:\/\/ilyasoglu.com\/es\/wp-json\/wp\/v2\/media?parent=26926"}],"curies":[{"name":"wp","href":"https:\/\/api.w.org\/{rel}","templated":true}]}}