{"id":173439,"date":"2024-08-16T13:09:39","date_gmt":"2024-08-16T10:09:39","guid":{"rendered":"https:\/\/ilyasoglu.com\/?page_id=173439"},"modified":"2024-08-16T14:29:30","modified_gmt":"2024-08-16T11:29:30","slug":"periodico-sabah-07-09-2004-2","status":"publish","type":"page","link":"https:\/\/ilyasoglu.com\/es\/newspaper-sabah-07-09-2004-2\/","title":{"rendered":"Peri\u00f3dico: SABAH 07.09.2004"},"content":{"rendered":"<p class=\"wp-block-paragraph\">Peri\u00f3dico: SABAH 07.09.2004<\/p>\n\n\n\n<p class=\"has-text-align-center wp-block-paragraph\"><a href=\"https:\/\/arsiv.sabah.com.tr\/2004\/08\/20\/gny\/gny128-20040820-200.html\" target=\"_blank\" rel=\"noreferrer noopener\">Pulse aqu\u00ed para leer el TEXTO ORIGINAL COMPLETO EN TURCO<\/a><\/p>\n\n\n\n<p class=\"has-text-align-center wp-block-paragraph\">Vendiendo ojos malvados a todo el mundo<\/p>\n\n\n<div class=\"wp-block-image\">\n<figure class=\"aligncenter\"><img data-recalc-dims=\"1\" decoding=\"async\" src=\"https:\/\/i0.wp.com\/archive.ilyasoglu.com\/html\/imagejpg\/news\/nafi_b.jpg?w=1170&#038;ssl=1\" alt=\"\"\/><\/figure>\n<\/div>\n\n\n<p class=\"has-text-align-center wp-block-paragraph\">Con la ayuda del emperador del mal de ojo, el Sr. Nafi Ervaron, todo el mundo est\u00e1 protegido de los demonios. A pesar de que fue avergonzado por sus amigos cuando entr\u00f3 en el mercado y negocio del mal de ojo, ahora tiene \u00e9xito exportando a 62 pa\u00edses del mundo.<br>Tras dejar su anterior ocupaci\u00f3n (diplom\u00e1tico), empez\u00f3 a exportar mal de ojo. Ahora, Ilyasoglu exporta a 62 pa\u00edses y es una marca mundialmente conocida en este sector. El viaje que comenz\u00f3 con un capital de 3000 USD hace unos 35 a\u00f1os, alcanza ahora los 4 millones de d\u00f3lares de ingresos por los ojos malvados. La empresa env\u00eda sus 5 mil modelos a diferentes lugares del mundo. Los ojos mal\u00e9ficos de la empresa a veces se venden como regalo y a veces se ponen en el centro de las casas para alejar los ojos da\u00f1inos.<\/p>\n\n\n\n<p class=\"has-text-align-center wp-block-paragraph\">El viaje a los ojos del mal de Diplomacia<\/p>\n\n\n<div class=\"wp-block-image\">\n<figure class=\"aligncenter\"><img data-recalc-dims=\"1\" decoding=\"async\" src=\"https:\/\/i0.wp.com\/archive.ilyasoglu.com\/html\/imagejpg\/news\/nafi2_b.jpg?w=1170&#038;ssl=1\" alt=\"\"\/><\/figure>\n<\/div>\n\n\n<p class=\"has-text-align-center wp-block-paragraph\">Tras licenciarse en el Liceo de Galatasaray, Nafi Ervaron prosigui\u00f3 su formaci\u00f3n en Francia. Tras estudiar Ciencias Pol\u00edticas en Grenoble (Francia), empez\u00f3 a trabajar en la ONU como diplom\u00e1tico en Ginebra. Tras su nombramiento para Uganda, dej\u00f3 su trabajo y comenz\u00f3 el viaje de su nueva vida. En 1975 dio los primeros pasos para establecer el imperio de los ojos malignos: ILYASOGLU. Durante su educaci\u00f3n y durante su trabajo en la ONU, reconoci\u00f3 que la artesan\u00eda turca no era muy reconocida en el extranjero. Estaba seguro de que exist\u00eda un vac\u00edo en el mercado y la necesidad de llenar este vac\u00edo. El Sr. Nafi Ervaron decidi\u00f3 que su educaci\u00f3n, su formaci\u00f3n y sus idiomas le ayudar\u00edan mucho a establecer contactos en el extranjero. \"S\u00e9 ingl\u00e9s, franc\u00e9s y espa\u00f1ol\". Adem\u00e1s, dijo: \"Utilizamos la tecnolog\u00eda con bastante \u00e9xito actualizando nuestro sitio web con frecuencia e informando a nuestros clientes con los nuevos modelos que tenemos. La amistad que entablamos con nuestros clientes y el servicio que les prestamos adem\u00e1s de los productos principales son tambi\u00e9n bastante vitales en nuestro \u00e9xito. Empezamos a exportar primero a Grecia y a Oriente Medio. El motivo de apuntarnos a estos mercados era que el mal de ojo ya era conocido por estas culturas. M\u00e1s tarde, nos abrimos a mercados de ultramar como Estados Unidos y Australia. Hoy en d\u00eda existe una gran demanda en los pa\u00edses sudamericanos. Aunque sus amigos le avergonzaron cuando entr\u00f3 en el mercado y el negocio del mal de ojo, el \u00e9xito de la empresa y sus ingresos de 4 millones de d\u00f3lares son una especie de mensaje para sus amigos.<\/p>\n\n\n\n<p class=\"has-text-align-center wp-block-paragraph\">Las amas de casa est\u00e1n contribuyendo a la empresa<\/p>\n\n\n\n<p class=\"has-text-align-center wp-block-paragraph\">La empresa que opera en Estambul, ahora tienen m\u00e1s de 100 talleres vinculados a Ilyasoglu como Mr.Nafi Ervaron dice. Ahora, como Ervaron determina, la empresa tiene m\u00e1s de 5000 modelos, los productos est\u00e1n hechos de vidrio, pl\u00e1stico, metal, plata, oro acr\u00edlico y poli\u00e9ster. Nafi Ervaron nos dijo que en el pasado todos los ojos malignos se hac\u00edan de vidrio, sin embargo hoy en d\u00eda se fabrican de pl\u00e1stico, acr\u00edlico y tambi\u00e9n poli\u00e9ster; eso es porque no podemos encontrar suficiente vidrio.<\/p>\n\n\n\n<p class=\"has-text-align-center wp-block-paragraph\">Un mal de ojo con una dimensi\u00f3n de 1 mil\u00edmetro<\/p>\n\n\n\n<p class=\"has-text-align-center wp-block-paragraph\">En los talleres de la empresa se fabricaron los ojos malignos m\u00e1s peque\u00f1os y m\u00e1s grandes del mundo. El m\u00e1s peque\u00f1o tiene un di\u00e1metro de 1 mil\u00edmetro, mientras que el mayor mide unos 40 cent\u00edmetros.<\/p>","protected":false},"excerpt":{"rendered":"<p>Newspaper: SABAH 07.09.2004 Click here to read the FULL ORIGINAL TEXT IN TURKISH Selling evil eyes to all over the world By the assistance of evil eye emperor Mr.Nafi Ervaron, all the world is protected from the devils. Although he was shamed by his friends when he entered the evil eyes market and business, now&hellip;<\/p>","protected":false},"author":248717097,"featured_media":0,"parent":0,"menu_order":0,"comment_status":"closed","ping_status":"closed","template":"","meta":{"_seopress_robots_primary_cat":"","_seopress_titles_title":"","_seopress_titles_desc":"","_seopress_robots_index":"","_crdt_document":"","footnotes":""},"class_list":["post-173439","page","type-page","status-publish","hentry"],"jetpack_shortlink":"https:\/\/wp.me\/PfQzo3-J7p","jetpack-related-posts":[],"jetpack_sharing_enabled":true,"_links":{"self":[{"href":"https:\/\/ilyasoglu.com\/es\/wp-json\/wp\/v2\/pages\/173439","targetHints":{"allow":["GET"]}}],"collection":[{"href":"https:\/\/ilyasoglu.com\/es\/wp-json\/wp\/v2\/pages"}],"about":[{"href":"https:\/\/ilyasoglu.com\/es\/wp-json\/wp\/v2\/types\/page"}],"author":[{"embeddable":true,"href":"https:\/\/ilyasoglu.com\/es\/wp-json\/wp\/v2\/users\/248717097"}],"replies":[{"embeddable":true,"href":"https:\/\/ilyasoglu.com\/es\/wp-json\/wp\/v2\/comments?post=173439"}],"version-history":[{"count":0,"href":"https:\/\/ilyasoglu.com\/es\/wp-json\/wp\/v2\/pages\/173439\/revisions"}],"wp:attachment":[{"href":"https:\/\/ilyasoglu.com\/es\/wp-json\/wp\/v2\/media?parent=173439"}],"curies":[{"name":"wp","href":"https:\/\/api.w.org\/{rel}","templated":true}]}}