{"id":1,"date":"2024-06-13T22:20:31","date_gmt":"2024-06-13T22:20:31","guid":{"rendered":"http:\/\/ilyasoglu.com\/?page_id=1"},"modified":"2024-11-01T16:23:41","modified_gmt":"2024-11-01T13:23:41","slug":"evil-eye-jewelry-evil-eye-ornaments","status":"publish","type":"page","link":"https:\/\/ilyasoglu.com\/es\/evil-eye-jewelry-evil-eye-ornaments\/","title":{"rendered":"Mayorista Adornos Ojos Malignos, Joyeria mal de ojo turca"},"content":{"rendered":"<div data-elementor-type=\"wp-page\" data-elementor-id=\"1\" class=\"elementor elementor-1\">\n\t\t\t\t<div class=\"elementor-element elementor-element-28faf6c9 e-flex e-con-boxed e-con e-parent\" data-id=\"28faf6c9\" data-element_type=\"container\" data-e-type=\"container\">\n\t\t\t\t\t<div class=\"e-con-inner\">\n\t\t\t\t<div class=\"elementor-element elementor-element-511913d0 elementor-widget elementor-widget-text-editor\" data-id=\"511913d0\" data-element_type=\"widget\" data-e-type=\"widget\" data-widget_type=\"text-editor.default\">\n\t\t\t\t<div class=\"elementor-widget-container\">\n\t\t\t\t\t\t\t\t\t<p><\/p>\n<p class=\"wp-block-paragraph\">Nuestra empresa, Ilyasoglu Limited, lleva m\u00e1s de 35 a\u00f1os trabajando en la venta al por mayor de materiales tur\u00edsticos y de regalo. Hemos reunido en nuestra constituci\u00f3n, f\u00e1bricas que producen art\u00edculos turcos hechos a mano de vidrio, cer\u00e1mica, pl\u00e1stico, hierro, hueso, cobre, lat\u00f3n, aluminio, plata esterlina 925 y tela.<\/p>\n<p><\/p>\n<p><\/p>\n<p class=\"wp-block-paragraph\">Nuestro producto m\u00e1s importante es el mal de ojo de cristal turco hecho a mano. Puede encontrar todo tipo de variaciones de joyas de mal de ojo, adornos de mal de ojo, joyas de plata de ley de mal de ojo, cuentas de cristal de mal de ojo, linternas orientales turcas, cer\u00e1mica Turkis y mucho m\u00e1s... Adem\u00e1s de ser la \u00fanica empresa que exporta artesan\u00eda turca a 56 pa\u00edses diferentes del mundo, tambi\u00e9n trabajamos con el mercado turco.<\/p>\n<p><\/p>\n<p><\/p>\n<p class=\"wp-block-paragraph\">Nuestro objetivo es ser innovadores y creativos en un sector tan cambiante como el del regalo.<\/p>\n<p><\/p>\n<p><\/p>\n<p class=\"wp-block-paragraph\">Cada d\u00eda los consumidores quieren que se fabriquen nuevos productos, nuevos art\u00edculos; por eso seguimos las tendencias diarias y fabricamos art\u00edculos de regalo de buena calidad, creativos y atractivos.<\/p>\n<p><\/p>\t\t\t\t\t\t\t\t<\/div>\n\t\t\t\t<\/div>\n\t\t\t\t\t<\/div>\n\t\t\t\t<\/div>\n\t\t<div class=\"elementor-element elementor-element-791f38d e-grid e-con-boxed e-con e-parent\" data-id=\"791f38d\" data-element_type=\"container\" data-e-type=\"container\">\n\t\t\t\t\t<div class=\"e-con-inner\">\n\t\t\t\t<div class=\"elementor-element elementor-element-b345d2e elementor-widget elementor-widget-heading\" data-id=\"b345d2e\" data-element_type=\"widget\" data-e-type=\"widget\" data-widget_type=\"heading.default\">\n\t\t\t\t<div class=\"elementor-widget-container\">\n\t\t\t\t\t<h3 class=\"elementor-heading-title elementor-size-default\">NUESTRA TIENDA<\/h3>\t\t\t\t<\/div>\n\t\t\t\t<\/div>\n\t\t\t\t<div class=\"elementor-element elementor-element-aa1f5e4 elementor-widget elementor-widget-heading\" data-id=\"aa1f5e4\" data-element_type=\"widget\" data-e-type=\"widget\" data-widget_type=\"heading.default\">\n\t\t\t\t<div class=\"elementor-widget-container\">\n\t\t\t\t\t<h2 class=\"elementor-heading-title elementor-size-default\">NUESTRA EXPOSICI\u00d3N<\/h2>\t\t\t\t<\/div>\n\t\t\t\t<\/div>\n\t\t\t\t<div class=\"elementor-element elementor-element-828b0c2 elementor-widget elementor-widget-heading\" data-id=\"828b0c2\" data-element_type=\"widget\" data-e-type=\"widget\" data-widget_type=\"heading.default\">\n\t\t\t\t<div class=\"elementor-widget-container\">\n\t\t\t\t\t<h3 class=\"elementor-heading-title elementor-size-default\">NUESTRA F\u00c1BRICA<\/h3>\t\t\t\t<\/div>\n\t\t\t\t<\/div>\n\t\t\t\t<div class=\"elementor-element elementor-element-514a816 elementor-widget elementor-widget-image\" data-id=\"514a816\" data-element_type=\"widget\" data-e-type=\"widget\" data-widget_type=\"image.default\">\n\t\t\t\t<div class=\"elementor-widget-container\">\n\t\t\t\t\t\t\t\t\t\t\t\t\t\t\t<img fetchpriority=\"high\" decoding=\"async\" data-attachment-id=\"103362\" data-permalink=\"https:\/\/ilyasoglu.com\/es\/evil-eye-jewelry-evil-eye-ornaments\/magaza-ic-gorsel\/\" data-orig-file=\"https:\/\/i0.wp.com\/ilyasoglu.com\/wp-content\/uploads\/2024\/06\/magaza-ic-gorsel.jpg?fit=2048%2C1536&amp;ssl=1\" data-orig-size=\"2048,1536\" data-comments-opened=\"1\" data-image-meta=\"{&quot;aperture&quot;:&quot;0&quot;,&quot;credit&quot;:&quot;&quot;,&quot;camera&quot;:&quot;&quot;,&quot;caption&quot;:&quot;&quot;,&quot;created_timestamp&quot;:&quot;0&quot;,&quot;copyright&quot;:&quot;&quot;,&quot;focal_length&quot;:&quot;0&quot;,&quot;iso&quot;:&quot;0&quot;,&quot;shutter_speed&quot;:&quot;0&quot;,&quot;title&quot;:&quot;&quot;,&quot;orientation&quot;:&quot;0&quot;}\" data-image-title=\"magaza-ic-gorsel\" data-image-description=\"\" data-image-caption=\"\" data-large-file=\"https:\/\/i0.wp.com\/ilyasoglu.com\/wp-content\/uploads\/2024\/06\/magaza-ic-gorsel.jpg?fit=1024%2C768&amp;ssl=1\" width=\"1024\" height=\"768\" src=\"https:\/\/i0.wp.com\/ilyasoglu.com\/wp-content\/uploads\/2024\/06\/magaza-ic-gorsel.jpg?fit=1024%2C768&amp;ssl=1\" class=\"attachment-large size-large wp-image-103362\" alt=\"\" srcset=\"https:\/\/i0.wp.com\/ilyasoglu.com\/wp-content\/uploads\/2024\/06\/magaza-ic-gorsel.jpg?w=2048&amp;ssl=1 2048w, https:\/\/i0.wp.com\/ilyasoglu.com\/wp-content\/uploads\/2024\/06\/magaza-ic-gorsel.jpg?resize=300%2C225&amp;ssl=1 300w, https:\/\/i0.wp.com\/ilyasoglu.com\/wp-content\/uploads\/2024\/06\/magaza-ic-gorsel.jpg?resize=1024%2C768&amp;ssl=1 1024w, https:\/\/i0.wp.com\/ilyasoglu.com\/wp-content\/uploads\/2024\/06\/magaza-ic-gorsel.jpg?resize=768%2C576&amp;ssl=1 768w, https:\/\/i0.wp.com\/ilyasoglu.com\/wp-content\/uploads\/2024\/06\/magaza-ic-gorsel.jpg?resize=800%2C600&amp;ssl=1 800w, https:\/\/i0.wp.com\/ilyasoglu.com\/wp-content\/uploads\/2024\/06\/magaza-ic-gorsel.jpg?resize=600%2C450&amp;ssl=1 600w, https:\/\/i0.wp.com\/ilyasoglu.com\/wp-content\/uploads\/2024\/06\/magaza-ic-gorsel.jpg?resize=400%2C300&amp;ssl=1 400w, https:\/\/i0.wp.com\/ilyasoglu.com\/wp-content\/uploads\/2024\/06\/magaza-ic-gorsel.jpg?resize=200%2C150&amp;ssl=1 200w, https:\/\/i0.wp.com\/ilyasoglu.com\/wp-content\/uploads\/2024\/06\/magaza-ic-gorsel.jpg?resize=220%2C165&amp;ssl=1 220w, https:\/\/i0.wp.com\/ilyasoglu.com\/wp-content\/uploads\/2024\/06\/magaza-ic-gorsel.jpg?resize=500%2C375&amp;ssl=1 500w\" sizes=\"(max-width: 1024px) 100vw, 1024px\" \/>\t\t\t\t\t\t\t\t\t\t\t\t\t\t\t<\/div>\n\t\t\t\t<\/div>\n\t\t\t\t<div class=\"elementor-element elementor-element-802eb2b elementor-widget elementor-widget-image\" data-id=\"802eb2b\" data-element_type=\"widget\" data-e-type=\"widget\" data-widget_type=\"image.default\">\n\t\t\t\t<div class=\"elementor-widget-container\">\n\t\t\t\t\t\t\t\t\t\t\t\t\t\t\t<img decoding=\"async\" data-attachment-id=\"103364\" data-permalink=\"https:\/\/ilyasoglu.com\/es\/evil-eye-jewelry-evil-eye-ornaments\/showroom-gorseli\/\" data-orig-file=\"https:\/\/i0.wp.com\/ilyasoglu.com\/wp-content\/uploads\/2024\/06\/showroom-gorseli.jpg?fit=2048%2C1536&amp;ssl=1\" data-orig-size=\"2048,1536\" data-comments-opened=\"1\" data-image-meta=\"{&quot;aperture&quot;:&quot;0&quot;,&quot;credit&quot;:&quot;&quot;,&quot;camera&quot;:&quot;&quot;,&quot;caption&quot;:&quot;&quot;,&quot;created_timestamp&quot;:&quot;0&quot;,&quot;copyright&quot;:&quot;&quot;,&quot;focal_length&quot;:&quot;0&quot;,&quot;iso&quot;:&quot;0&quot;,&quot;shutter_speed&quot;:&quot;0&quot;,&quot;title&quot;:&quot;&quot;,&quot;orientation&quot;:&quot;0&quot;}\" data-image-title=\"showroom-gorseli\" data-image-description=\"\" data-image-caption=\"\" data-large-file=\"https:\/\/i0.wp.com\/ilyasoglu.com\/wp-content\/uploads\/2024\/06\/showroom-gorseli.jpg?fit=1024%2C768&amp;ssl=1\" width=\"1024\" height=\"768\" src=\"https:\/\/i0.wp.com\/ilyasoglu.com\/wp-content\/uploads\/2024\/06\/showroom-gorseli.jpg?fit=1024%2C768&amp;ssl=1\" class=\"attachment-large size-large wp-image-103364\" alt=\"\" srcset=\"https:\/\/i0.wp.com\/ilyasoglu.com\/wp-content\/uploads\/2024\/06\/showroom-gorseli.jpg?w=2048&amp;ssl=1 2048w, https:\/\/i0.wp.com\/ilyasoglu.com\/wp-content\/uploads\/2024\/06\/showroom-gorseli.jpg?resize=300%2C225&amp;ssl=1 300w, https:\/\/i0.wp.com\/ilyasoglu.com\/wp-content\/uploads\/2024\/06\/showroom-gorseli.jpg?resize=1024%2C768&amp;ssl=1 1024w, https:\/\/i0.wp.com\/ilyasoglu.com\/wp-content\/uploads\/2024\/06\/showroom-gorseli.jpg?resize=768%2C576&amp;ssl=1 768w, https:\/\/i0.wp.com\/ilyasoglu.com\/wp-content\/uploads\/2024\/06\/showroom-gorseli.jpg?resize=800%2C600&amp;ssl=1 800w, https:\/\/i0.wp.com\/ilyasoglu.com\/wp-content\/uploads\/2024\/06\/showroom-gorseli.jpg?resize=600%2C450&amp;ssl=1 600w, https:\/\/i0.wp.com\/ilyasoglu.com\/wp-content\/uploads\/2024\/06\/showroom-gorseli.jpg?resize=400%2C300&amp;ssl=1 400w, https:\/\/i0.wp.com\/ilyasoglu.com\/wp-content\/uploads\/2024\/06\/showroom-gorseli.jpg?resize=200%2C150&amp;ssl=1 200w, https:\/\/i0.wp.com\/ilyasoglu.com\/wp-content\/uploads\/2024\/06\/showroom-gorseli.jpg?resize=220%2C165&amp;ssl=1 220w, https:\/\/i0.wp.com\/ilyasoglu.com\/wp-content\/uploads\/2024\/06\/showroom-gorseli.jpg?resize=500%2C375&amp;ssl=1 500w\" sizes=\"(max-width: 1024px) 100vw, 1024px\" \/>\t\t\t\t\t\t\t\t\t\t\t\t\t\t\t<\/div>\n\t\t\t\t<\/div>\n\t\t\t\t<div class=\"elementor-element elementor-element-7f5be10 elementor-widget elementor-widget-image\" data-id=\"7f5be10\" data-element_type=\"widget\" data-e-type=\"widget\" data-widget_type=\"image.default\">\n\t\t\t\t<div class=\"elementor-widget-container\">\n\t\t\t\t\t\t\t\t\t\t\t\t\t\t\t<img decoding=\"async\" data-attachment-id=\"103365\" data-permalink=\"https:\/\/ilyasoglu.com\/es\/evil-eye-jewelry-evil-eye-ornaments\/imalathane-gorseli\/\" data-orig-file=\"https:\/\/i0.wp.com\/ilyasoglu.com\/wp-content\/uploads\/2024\/06\/imalathane-gorseli.jpg?fit=575%2C810&amp;ssl=1\" data-orig-size=\"575,810\" data-comments-opened=\"1\" data-image-meta=\"{&quot;aperture&quot;:&quot;0&quot;,&quot;credit&quot;:&quot;Sabi&quot;,&quot;camera&quot;:&quot;&quot;,&quot;caption&quot;:&quot;&quot;,&quot;created_timestamp&quot;:&quot;1683544004&quot;,&quot;copyright&quot;:&quot;&quot;,&quot;focal_length&quot;:&quot;0&quot;,&quot;iso&quot;:&quot;0&quot;,&quot;shutter_speed&quot;:&quot;0&quot;,&quot;title&quot;:&quot;&quot;,&quot;orientation&quot;:&quot;0&quot;}\" data-image-title=\"imalathane-gorseli\" data-image-description=\"\" data-image-caption=\"\" data-large-file=\"https:\/\/i0.wp.com\/ilyasoglu.com\/wp-content\/uploads\/2024\/06\/imalathane-gorseli.jpg?fit=575%2C810&amp;ssl=1\" width=\"575\" height=\"810\" src=\"https:\/\/i0.wp.com\/ilyasoglu.com\/wp-content\/uploads\/2024\/06\/imalathane-gorseli.jpg?fit=575%2C810&amp;ssl=1\" class=\"attachment-large size-large wp-image-103365\" alt=\"\" srcset=\"https:\/\/i0.wp.com\/ilyasoglu.com\/wp-content\/uploads\/2024\/06\/imalathane-gorseli.jpg?w=575&amp;ssl=1 575w, https:\/\/i0.wp.com\/ilyasoglu.com\/wp-content\/uploads\/2024\/06\/imalathane-gorseli.jpg?resize=213%2C300&amp;ssl=1 213w, https:\/\/i0.wp.com\/ilyasoglu.com\/wp-content\/uploads\/2024\/06\/imalathane-gorseli.jpg?resize=220%2C310&amp;ssl=1 220w, https:\/\/i0.wp.com\/ilyasoglu.com\/wp-content\/uploads\/2024\/06\/imalathane-gorseli.jpg?resize=568%2C800&amp;ssl=1 568w, https:\/\/i0.wp.com\/ilyasoglu.com\/wp-content\/uploads\/2024\/06\/imalathane-gorseli.jpg?resize=426%2C600&amp;ssl=1 426w\" sizes=\"(max-width: 575px) 100vw, 575px\" \/>\t\t\t\t\t\t\t\t\t\t\t\t\t\t\t<\/div>\n\t\t\t\t<\/div>\n\t\t\t\t\t<\/div>\n\t\t\t\t<\/div>\n\t\t\t\t<\/div>","protected":false},"excerpt":{"rendered":"<p>Nuestra empresa, Ilyasoglu Limited, lleva m\u00e1s de 35 a\u00f1os trabajando en la venta al por mayor de materiales tur\u00edsticos y de regalo. Hemos reunido en nuestra constituci\u00f3n, las f\u00e1bricas que producen mercanc\u00edas hechas a mano turcas compuestas de vidrio, cer\u00e1mica, pl\u00e1stico, hierro, hueso, cobre, lat\u00f3n, aluminio, plata esterlina 925 y tela. Nuestro producto m\u00e1s importante es el turco hecho a mano...<\/p>","protected":false},"author":248717097,"featured_media":103069,"parent":0,"menu_order":0,"comment_status":"closed","ping_status":"open","template":"","meta":{"_seopress_robots_primary_cat":"","_seopress_titles_title":"","_seopress_titles_desc":"Explore Ilyasoglu Evil Eyes, a Turkish brand dedicated to crafting exquisite evil eye jewelry. Learn about our mission, values, and the skilled artisans behind our unique, designs","_seopress_robots_index":"","_seopress_analysis_target_kw":"about-ilyasoglu-evileyes","_crdt_document":"","footnotes":""},"class_list":["post-1","page","type-page","status-publish","has-post-thumbnail","hentry"],"jetpack_shortlink":"https:\/\/wp.me\/PfQzo3-1","jetpack-related-posts":[],"jetpack_sharing_enabled":true,"_links":{"self":[{"href":"https:\/\/ilyasoglu.com\/es\/wp-json\/wp\/v2\/pages\/1","targetHints":{"allow":["GET"]}}],"collection":[{"href":"https:\/\/ilyasoglu.com\/es\/wp-json\/wp\/v2\/pages"}],"about":[{"href":"https:\/\/ilyasoglu.com\/es\/wp-json\/wp\/v2\/types\/page"}],"author":[{"embeddable":true,"href":"https:\/\/ilyasoglu.com\/es\/wp-json\/wp\/v2\/users\/248717097"}],"replies":[{"embeddable":true,"href":"https:\/\/ilyasoglu.com\/es\/wp-json\/wp\/v2\/comments?post=1"}],"version-history":[{"count":0,"href":"https:\/\/ilyasoglu.com\/es\/wp-json\/wp\/v2\/pages\/1\/revisions"}],"wp:featuredmedia":[{"embeddable":true,"href":"https:\/\/ilyasoglu.com\/es\/wp-json\/wp\/v2\/media\/103069"}],"wp:attachment":[{"href":"https:\/\/ilyasoglu.com\/es\/wp-json\/wp\/v2\/media?parent=1"}],"curies":[{"name":"wp","href":"https:\/\/api.w.org\/{rel}","templated":true}]}}